{"id":17635,"date":"2025-11-25T17:27:19","date_gmt":"2025-11-25T16:27:19","guid":{"rendered":"https:\/\/www.hirtenberg-apotheke.at\/katalog\/produkt\/eucerin-dermatoclean-erfrischendes-reinigungsgel\/"},"modified":"2025-11-25T17:27:21","modified_gmt":"2025-11-25T16:27:21","slug":"eucerin-dermatoclean-erfrischendes-reinigungsgel","status":"publish","type":"product","link":"https:\/\/www.hirtenberg-apotheke.at\/katalog\/produkt\/eucerin-dermatoclean-erfrischendes-reinigungsgel\/","title":{"rendered":"Eucerin DERMATOCLEAN erfrischendes Reinigungsgel"},"content":{"rendered":"<p>Eucerin DermatoCLEAN [HYALURON] Reinigungsgel ist eine milde und doch gr\u00fcndliche feuchtigkeitsspendende Gesichtsreinigung, die Schmutzpartikel und wasserl\u00f6sliches Make-up entfernt und die Haut vor dem Austrocknen bewahrt.Das sanfte Reinigungsgel kombiniert einen extra milden Reinigungskomplex mit Hyalurons\u00e4ure und anderen aus der Natur gewonnenen feuchtigkeitsspendenden Inhaltsstoffen, um der Haut zu helfen, ihr nat\u00fcrliches Feuchtigkeitsgleichgewicht zu erhalten. Diet Hyalurons\u00e4ure hinterl\u00e4sst eine sp\u00fcrbar sauberer und beruhigtere Haut, die sich deutlich zarter und geschmeidiger anf\u00fchlt.Eucerin DermatoCLEAN [HYALURON] Reinigungsgel eignet sich ideal f\u00fcr die t\u00e4gliche Gesichtsreinigung von trockener und empfindlicher Haut..<\/p>\n","protected":false},"excerpt":{"rendered":"<p>Eucerin DermatoCLEAN [HYALURON] Reinigungsgel ist eine milde und doch gr\u00fcndliche feuchtigkeitsspendende Gesichtsreinigung, die Schmutzpartikel und wasserl\u00f6sliches Make-up entfernt und die Haut vor dem Austrocknen bewahrt.Das sanfte Reinigungsgel kombiniert einen extra milden Reinigungskomplex mit Hyalurons\u00e4ure und anderen aus der Natur gewonnenen feuchtigkeitsspendenden Inhaltsstoffen, um der Haut zu helfen, ihr nat\u00fcrliches Feuchtigkeitsgleichgewicht zu erhalten. Diet Hyalurons\u00e4ure hinterl\u00e4sst [&hellip;]<\/p>\n","protected":false},"featured_media":0,"template":"","meta":{"_acf_changed":false},"product_brand":[694],"product_cat":[307],"product_tag":[],"class_list":{"0":"post-17635","1":"product","2":"type-product","3":"status-publish","5":"product_brand-eucerin","6":"product_cat-e","7":"pa_packungsgroesse-200ml","9":"first","10":"instock","11":"shipping-taxable","12":"purchasable","13":"product-type-simple"},"acf":[],"_links":{"self":[{"href":"https:\/\/www.hirtenberg-apotheke.at\/katalog\/wp-json\/wp\/v2\/product\/17635","targetHints":{"allow":["GET"]}}],"collection":[{"href":"https:\/\/www.hirtenberg-apotheke.at\/katalog\/wp-json\/wp\/v2\/product"}],"about":[{"href":"https:\/\/www.hirtenberg-apotheke.at\/katalog\/wp-json\/wp\/v2\/types\/product"}],"wp:attachment":[{"href":"https:\/\/www.hirtenberg-apotheke.at\/katalog\/wp-json\/wp\/v2\/media?parent=17635"}],"wp:term":[{"taxonomy":"product_brand","embeddable":true,"href":"https:\/\/www.hirtenberg-apotheke.at\/katalog\/wp-json\/wp\/v2\/product_brand?post=17635"},{"taxonomy":"product_cat","embeddable":true,"href":"https:\/\/www.hirtenberg-apotheke.at\/katalog\/wp-json\/wp\/v2\/product_cat?post=17635"},{"taxonomy":"product_tag","embeddable":true,"href":"https:\/\/www.hirtenberg-apotheke.at\/katalog\/wp-json\/wp\/v2\/product_tag?post=17635"}],"curies":[{"name":"wp","href":"https:\/\/api.w.org\/{rel}","templated":true}]}}