{"id":17646,"date":"2025-11-25T17:27:19","date_gmt":"2025-11-25T16:27:19","guid":{"rendered":"https:\/\/www.hirtenberg-apotheke.at\/katalog\/produkt\/eucerin-ultrasensitive-beruhigende-pflege-fuer-trockene-haut\/"},"modified":"2025-11-25T17:27:27","modified_gmt":"2025-11-25T16:27:27","slug":"eucerin-ultrasensitive-beruhigende-pflege-fuer-trockene-haut","status":"publish","type":"product","link":"https:\/\/www.hirtenberg-apotheke.at\/katalog\/produkt\/eucerin-ultrasensitive-beruhigende-pflege-fuer-trockene-haut\/","title":{"rendered":"Eucerin UltraSENSITIVE Beruhigende Pflege f\u00fcr trockene Haut"},"content":{"rendered":"<p>Eucerin UltraSENSITIVE Beruhigende Pflege f\u00fcr Trockene Haut wird f\u00fcr sehr empfindliche Haut empfohlen, deren Hauptsymptom ein unangenehmes Hautgef\u00fchl wie Brennen, Stechen oder Juckreiz ist, jedoch keine sichtbaren Anzeichen von R\u00f6tungen aufweist. Nach der Gesichtsreinigung aufgetragen, beruhigt die Pflege trockene, sehr empfindliche Haut im Gesicht, am Hals und am Dekollet\u00e9 und sorgt f\u00fcr ein langanhaltendes angenehmes Hautgef\u00fchl und Schutz. Gleichzeitig wird die Haut mit Feuchtigkeit versorgt.<\/p>\n","protected":false},"excerpt":{"rendered":"<p>Eucerin UltraSENSITIVE Beruhigende Pflege f\u00fcr Trockene Haut wird f\u00fcr sehr empfindliche Haut empfohlen, deren Hauptsymptom ein unangenehmes Hautgef\u00fchl wie Brennen, Stechen oder Juckreiz ist, jedoch keine sichtbaren Anzeichen von R\u00f6tungen aufweist. Nach der Gesichtsreinigung aufgetragen, beruhigt die Pflege trockene, sehr empfindliche Haut im Gesicht, am Hals und am Dekollet\u00e9 und sorgt f\u00fcr ein langanhaltendes angenehmes [&hellip;]<\/p>\n","protected":false},"featured_media":0,"template":"","meta":{"_acf_changed":false},"product_brand":[694],"product_cat":[307],"product_tag":[],"class_list":{"0":"post-17646","1":"product","2":"type-product","3":"status-publish","5":"product_brand-eucerin","6":"product_cat-e","7":"pa_packungsgroesse-50ml","9":"first","10":"instock","11":"shipping-taxable","12":"purchasable","13":"product-type-simple"},"acf":[],"_links":{"self":[{"href":"https:\/\/www.hirtenberg-apotheke.at\/katalog\/wp-json\/wp\/v2\/product\/17646","targetHints":{"allow":["GET"]}}],"collection":[{"href":"https:\/\/www.hirtenberg-apotheke.at\/katalog\/wp-json\/wp\/v2\/product"}],"about":[{"href":"https:\/\/www.hirtenberg-apotheke.at\/katalog\/wp-json\/wp\/v2\/types\/product"}],"wp:attachment":[{"href":"https:\/\/www.hirtenberg-apotheke.at\/katalog\/wp-json\/wp\/v2\/media?parent=17646"}],"wp:term":[{"taxonomy":"product_brand","embeddable":true,"href":"https:\/\/www.hirtenberg-apotheke.at\/katalog\/wp-json\/wp\/v2\/product_brand?post=17646"},{"taxonomy":"product_cat","embeddable":true,"href":"https:\/\/www.hirtenberg-apotheke.at\/katalog\/wp-json\/wp\/v2\/product_cat?post=17646"},{"taxonomy":"product_tag","embeddable":true,"href":"https:\/\/www.hirtenberg-apotheke.at\/katalog\/wp-json\/wp\/v2\/product_tag?post=17646"}],"curies":[{"name":"wp","href":"https:\/\/api.w.org\/{rel}","templated":true}]}}