{"id":17679,"date":"2025-11-25T17:27:45","date_gmt":"2025-11-25T16:27:45","guid":{"rendered":"https:\/\/www.hirtenberg-apotheke.at\/katalog\/produkt\/hyaluron-lippenpflege-rose-7-ml\/"},"modified":"2025-11-25T17:27:48","modified_gmt":"2025-11-25T16:27:48","slug":"hyaluron-lippenpflege-rose-7-ml","status":"publish","type":"product","link":"https:\/\/www.hirtenberg-apotheke.at\/katalog\/produkt\/hyaluron-lippenpflege-rose-7-ml\/","title":{"rendered":"Hyaluron Lippenpflege Ros\u00e9 7 ml"},"content":{"rendered":"<p>Zur Zeit besch\u00e4ftigt die Dr. Theiss Naturwaren GmbH in etwa 30 Gesellschaften auf f\u00fcnf Kontinenten weltweit \u00fcber 1.000 Mitarbeiter, davon 400 am Standort Homburg. Alle Dr. Theiss Naturheilmittel-, Naturpflege- und Naturkosmetikprodukte sind in Apotheken erh\u00e4ltlich.  alle Produkte von Dr. Theiss<\/p>\n","protected":false},"excerpt":{"rendered":"<p>Zur Zeit besch\u00e4ftigt die Dr. Theiss Naturwaren GmbH in etwa 30 Gesellschaften auf f\u00fcnf Kontinenten weltweit \u00fcber 1.000 Mitarbeiter, davon 400 am Standort Homburg. Alle Dr. Theiss Naturheilmittel-, Naturpflege- und Naturkosmetikprodukte sind in Apotheken erh\u00e4ltlich. alle Produkte von Dr. Theiss<\/p>\n","protected":false},"featured_media":0,"template":"","meta":{"_acf_changed":false},"product_brand":[],"product_cat":[330],"product_tag":[],"class_list":{"0":"post-17679","1":"product","2":"type-product","3":"status-publish","5":"product_cat-h","6":"pa_packungsgroesse-7ml","8":"first","9":"instock","10":"shipping-taxable","11":"purchasable","12":"product-type-simple"},"acf":[],"_links":{"self":[{"href":"https:\/\/www.hirtenberg-apotheke.at\/katalog\/wp-json\/wp\/v2\/product\/17679","targetHints":{"allow":["GET"]}}],"collection":[{"href":"https:\/\/www.hirtenberg-apotheke.at\/katalog\/wp-json\/wp\/v2\/product"}],"about":[{"href":"https:\/\/www.hirtenberg-apotheke.at\/katalog\/wp-json\/wp\/v2\/types\/product"}],"wp:attachment":[{"href":"https:\/\/www.hirtenberg-apotheke.at\/katalog\/wp-json\/wp\/v2\/media?parent=17679"}],"wp:term":[{"taxonomy":"product_brand","embeddable":true,"href":"https:\/\/www.hirtenberg-apotheke.at\/katalog\/wp-json\/wp\/v2\/product_brand?post=17679"},{"taxonomy":"product_cat","embeddable":true,"href":"https:\/\/www.hirtenberg-apotheke.at\/katalog\/wp-json\/wp\/v2\/product_cat?post=17679"},{"taxonomy":"product_tag","embeddable":true,"href":"https:\/\/www.hirtenberg-apotheke.at\/katalog\/wp-json\/wp\/v2\/product_tag?post=17679"}],"curies":[{"name":"wp","href":"https:\/\/api.w.org\/{rel}","templated":true}]}}