{"id":17688,"date":"2025-11-25T17:27:45","date_gmt":"2025-11-25T16:27:45","guid":{"rendered":"https:\/\/www.hirtenberg-apotheke.at\/katalog\/produkt\/eubos-urea-5-gesichtscreme-50-ml\/"},"modified":"2025-11-25T17:27:54","modified_gmt":"2025-11-25T16:27:54","slug":"eubos-urea-5-gesichtscreme-50-ml","status":"publish","type":"product","link":"https:\/\/www.hirtenberg-apotheke.at\/katalog\/produkt\/eubos-urea-5-gesichtscreme-50-ml\/","title":{"rendered":"Eubos UREA 5% Gesichtscreme 50 ml"},"content":{"rendered":"<p>Eubos Urea 5% Gesichtscreme ist eine Feuchtigkeit spendende \u00d6l-in-Wasser (O\/W) Emulsion f\u00fcr sp\u00fcrbare Pflege bei trockener, spannender und rauer Haut. Wirkt gl\u00e4ttend und mindert Spannungsgef\u00fchl, st\u00e4rkt die hauteigene Schutzfunktion. Zur t\u00e4glichen Pflege.<\/p>\n","protected":false},"excerpt":{"rendered":"<p>Eubos Urea 5% Gesichtscreme ist eine Feuchtigkeit spendende \u00d6l-in-Wasser (O\/W) Emulsion f\u00fcr sp\u00fcrbare Pflege bei trockener, spannender und rauer Haut. Wirkt gl\u00e4ttend und mindert Spannungsgef\u00fchl, st\u00e4rkt die hauteigene Schutzfunktion. Zur t\u00e4glichen Pflege.<\/p>\n","protected":false},"featured_media":0,"template":"","meta":{"_acf_changed":false},"product_brand":[709],"product_cat":[307],"product_tag":[],"class_list":{"0":"post-17688","1":"product","2":"type-product","3":"status-publish","5":"product_brand-eubos","6":"product_cat-e","7":"pa_packungsgroesse-50ml","9":"first","10":"instock","11":"shipping-taxable","12":"purchasable","13":"product-type-simple"},"acf":[],"_links":{"self":[{"href":"https:\/\/www.hirtenberg-apotheke.at\/katalog\/wp-json\/wp\/v2\/product\/17688","targetHints":{"allow":["GET"]}}],"collection":[{"href":"https:\/\/www.hirtenberg-apotheke.at\/katalog\/wp-json\/wp\/v2\/product"}],"about":[{"href":"https:\/\/www.hirtenberg-apotheke.at\/katalog\/wp-json\/wp\/v2\/types\/product"}],"wp:attachment":[{"href":"https:\/\/www.hirtenberg-apotheke.at\/katalog\/wp-json\/wp\/v2\/media?parent=17688"}],"wp:term":[{"taxonomy":"product_brand","embeddable":true,"href":"https:\/\/www.hirtenberg-apotheke.at\/katalog\/wp-json\/wp\/v2\/product_brand?post=17688"},{"taxonomy":"product_cat","embeddable":true,"href":"https:\/\/www.hirtenberg-apotheke.at\/katalog\/wp-json\/wp\/v2\/product_cat?post=17688"},{"taxonomy":"product_tag","embeddable":true,"href":"https:\/\/www.hirtenberg-apotheke.at\/katalog\/wp-json\/wp\/v2\/product_tag?post=17688"}],"curies":[{"name":"wp","href":"https:\/\/api.w.org\/{rel}","templated":true}]}}