{"id":17696,"date":"2025-11-25T17:27:54","date_gmt":"2025-11-25T16:27:54","guid":{"rendered":"https:\/\/www.hirtenberg-apotheke.at\/katalog\/produkt\/eucerin-aquaporin-active-gesichtscreme-fuer-trockene-haut\/"},"modified":"2025-11-25T17:27:59","modified_gmt":"2025-11-25T16:27:59","slug":"eucerin-aquaporin-active-gesichtscreme-fuer-trockene-haut","status":"publish","type":"product","link":"https:\/\/www.hirtenberg-apotheke.at\/katalog\/produkt\/eucerin-aquaporin-active-gesichtscreme-fuer-trockene-haut\/","title":{"rendered":"Eucerin AQUAporin ACTIVE Gesichtscreme f\u00fcr trockene Haut"},"content":{"rendered":"<p>Die reichhaltige Feuchtigkeitspflege Eucerin AQUAporin ACTIVE f\u00fcr trockene Haut versorgt empfindliche Gesichtshaut intensiv und langanhaltend mit Feuchtigkeit. Ein ausgeglichener Feuchtigkeitshaushalt ist essentiell f\u00fcr eine geschmeidige, weiche und strahlend sch\u00f6ne Haut. Aquaporin Active f\u00f6rdert mit naturidentischem Gluco-Glycerol die Aktivierung der hauteigenen Feuchtigkeitskan\u00e4le, der Aquaporine. Das Feuchtigkeitsnetzwerk dieser Aquaporine unterst\u00fctzt den Ausgleich des Feuchtigkeitshaushaltes der Haut von innen heraus. Spannungsgef\u00fchle werden gelindert und die Haut ist 24h intensiv mit Feuchtigkeit versorgt &#8211; jetzt online bestellen und bares Geld sparen!<\/p>\n","protected":false},"excerpt":{"rendered":"<p>Die reichhaltige Feuchtigkeitspflege Eucerin AQUAporin ACTIVE f\u00fcr trockene Haut versorgt empfindliche Gesichtshaut intensiv und langanhaltend mit Feuchtigkeit. Ein ausgeglichener Feuchtigkeitshaushalt ist essentiell f\u00fcr eine geschmeidige, weiche und strahlend sch\u00f6ne Haut. Aquaporin Active f\u00f6rdert mit naturidentischem Gluco-Glycerol die Aktivierung der hauteigenen Feuchtigkeitskan\u00e4le, der Aquaporine. Das Feuchtigkeitsnetzwerk dieser Aquaporine unterst\u00fctzt den Ausgleich des Feuchtigkeitshaushaltes der Haut von [&hellip;]<\/p>\n","protected":false},"featured_media":0,"template":"","meta":{"_acf_changed":false},"product_brand":[694],"product_cat":[307],"product_tag":[],"class_list":{"0":"post-17696","1":"product","2":"type-product","3":"status-publish","5":"product_brand-eucerin","6":"product_cat-e","7":"pa_packungsgroesse-50ml","9":"first","10":"instock","11":"shipping-taxable","12":"purchasable","13":"product-type-simple"},"acf":[],"_links":{"self":[{"href":"https:\/\/www.hirtenberg-apotheke.at\/katalog\/wp-json\/wp\/v2\/product\/17696","targetHints":{"allow":["GET"]}}],"collection":[{"href":"https:\/\/www.hirtenberg-apotheke.at\/katalog\/wp-json\/wp\/v2\/product"}],"about":[{"href":"https:\/\/www.hirtenberg-apotheke.at\/katalog\/wp-json\/wp\/v2\/types\/product"}],"wp:attachment":[{"href":"https:\/\/www.hirtenberg-apotheke.at\/katalog\/wp-json\/wp\/v2\/media?parent=17696"}],"wp:term":[{"taxonomy":"product_brand","embeddable":true,"href":"https:\/\/www.hirtenberg-apotheke.at\/katalog\/wp-json\/wp\/v2\/product_brand?post=17696"},{"taxonomy":"product_cat","embeddable":true,"href":"https:\/\/www.hirtenberg-apotheke.at\/katalog\/wp-json\/wp\/v2\/product_cat?post=17696"},{"taxonomy":"product_tag","embeddable":true,"href":"https:\/\/www.hirtenberg-apotheke.at\/katalog\/wp-json\/wp\/v2\/product_tag?post=17696"}],"curies":[{"name":"wp","href":"https:\/\/api.w.org\/{rel}","templated":true}]}}