{"id":17705,"date":"2025-11-25T17:28:02","date_gmt":"2025-11-25T16:28:02","guid":{"rendered":"https:\/\/www.hirtenberg-apotheke.at\/katalog\/produkt\/hyaluron-augenpflege-creme-15-ml\/"},"modified":"2025-11-25T17:28:07","modified_gmt":"2025-11-25T16:28:07","slug":"hyaluron-augenpflege-creme-15-ml","status":"publish","type":"product","link":"https:\/\/www.hirtenberg-apotheke.at\/katalog\/produkt\/hyaluron-augenpflege-creme-15-ml\/","title":{"rendered":"HYALURON Augenpflege Creme 15 ML"},"content":{"rendered":"<p>Zur Zeit besch\u00e4ftigt die Dr. Theiss Naturwaren GmbH in etwa 30 Gesellschaften auf f\u00fcnf Kontinenten weltweit \u00fcber 1.000 Mitarbeiter, davon 400 am Standort Homburg. Alle Dr. Theiss Naturheilmittel-, Naturpflege- und Naturkosmetikprodukte sind in Apotheken erh\u00e4ltlich.  alle Produkte von Dr. Theiss<\/p>\n","protected":false},"excerpt":{"rendered":"<p>Zur Zeit besch\u00e4ftigt die Dr. Theiss Naturwaren GmbH in etwa 30 Gesellschaften auf f\u00fcnf Kontinenten weltweit \u00fcber 1.000 Mitarbeiter, davon 400 am Standort Homburg. Alle Dr. Theiss Naturheilmittel-, Naturpflege- und Naturkosmetikprodukte sind in Apotheken erh\u00e4ltlich. alle Produkte von Dr. Theiss<\/p>\n","protected":false},"featured_media":0,"template":"","meta":{"_acf_changed":false},"product_brand":[],"product_cat":[330],"product_tag":[],"class_list":{"0":"post-17705","1":"product","2":"type-product","3":"status-publish","5":"product_cat-h","6":"pa_packungsgroesse-15ml","8":"first","9":"instock","10":"shipping-taxable","11":"purchasable","12":"product-type-simple"},"acf":[],"_links":{"self":[{"href":"https:\/\/www.hirtenberg-apotheke.at\/katalog\/wp-json\/wp\/v2\/product\/17705","targetHints":{"allow":["GET"]}}],"collection":[{"href":"https:\/\/www.hirtenberg-apotheke.at\/katalog\/wp-json\/wp\/v2\/product"}],"about":[{"href":"https:\/\/www.hirtenberg-apotheke.at\/katalog\/wp-json\/wp\/v2\/types\/product"}],"wp:attachment":[{"href":"https:\/\/www.hirtenberg-apotheke.at\/katalog\/wp-json\/wp\/v2\/media?parent=17705"}],"wp:term":[{"taxonomy":"product_brand","embeddable":true,"href":"https:\/\/www.hirtenberg-apotheke.at\/katalog\/wp-json\/wp\/v2\/product_brand?post=17705"},{"taxonomy":"product_cat","embeddable":true,"href":"https:\/\/www.hirtenberg-apotheke.at\/katalog\/wp-json\/wp\/v2\/product_cat?post=17705"},{"taxonomy":"product_tag","embeddable":true,"href":"https:\/\/www.hirtenberg-apotheke.at\/katalog\/wp-json\/wp\/v2\/product_tag?post=17705"}],"curies":[{"name":"wp","href":"https:\/\/api.w.org\/{rel}","templated":true}]}}