{"id":17722,"date":"2025-11-25T17:28:18","date_gmt":"2025-11-25T16:28:18","guid":{"rendered":"https:\/\/www.hirtenberg-apotheke.at\/katalog\/produkt\/dermasence-hyalusome-konzentrat-30-ml\/"},"modified":"2025-11-25T17:28:26","modified_gmt":"2025-11-25T16:28:26","slug":"dermasence-hyalusome-konzentrat-30-ml","status":"publish","type":"product","link":"https:\/\/www.hirtenberg-apotheke.at\/katalog\/produkt\/dermasence-hyalusome-konzentrat-30-ml\/","title":{"rendered":"Dermasence Hyalusome Konzentrat 30 ml"},"content":{"rendered":"<p>DERMAESENCE Hyalusome Konzentrat ist ein hochwirksames Pflegefluid gegen Mimik-, Hals- und Dekollet\u00e9f\u00e4ltchen. Die Elastizit\u00e4t der Haut wird erh\u00f6ht und die Zellregeneration wird angeregt.<\/p>\n","protected":false},"excerpt":{"rendered":"<p>DERMAESENCE Hyalusome Konzentrat ist ein hochwirksames Pflegefluid gegen Mimik-, Hals- und Dekollet\u00e9f\u00e4ltchen. Die Elastizit\u00e4t der Haut wird erh\u00f6ht und die Zellregeneration wird angeregt.<\/p>\n","protected":false},"featured_media":17724,"template":"","meta":{"_acf_changed":false},"product_brand":[696],"product_cat":[295],"product_tag":[],"class_list":{"0":"post-17722","1":"product","2":"type-product","3":"status-publish","4":"has-post-thumbnail","6":"product_brand-dermasence","7":"product_cat-d","8":"pa_packungsgroesse-30ml","10":"first","11":"instock","12":"shipping-taxable","13":"purchasable","14":"product-type-simple"},"acf":[],"_links":{"self":[{"href":"https:\/\/www.hirtenberg-apotheke.at\/katalog\/wp-json\/wp\/v2\/product\/17722","targetHints":{"allow":["GET"]}}],"collection":[{"href":"https:\/\/www.hirtenberg-apotheke.at\/katalog\/wp-json\/wp\/v2\/product"}],"about":[{"href":"https:\/\/www.hirtenberg-apotheke.at\/katalog\/wp-json\/wp\/v2\/types\/product"}],"wp:featuredmedia":[{"embeddable":true,"href":"https:\/\/www.hirtenberg-apotheke.at\/katalog\/wp-json\/wp\/v2\/media\/17724"}],"wp:attachment":[{"href":"https:\/\/www.hirtenberg-apotheke.at\/katalog\/wp-json\/wp\/v2\/media?parent=17722"}],"wp:term":[{"taxonomy":"product_brand","embeddable":true,"href":"https:\/\/www.hirtenberg-apotheke.at\/katalog\/wp-json\/wp\/v2\/product_brand?post=17722"},{"taxonomy":"product_cat","embeddable":true,"href":"https:\/\/www.hirtenberg-apotheke.at\/katalog\/wp-json\/wp\/v2\/product_cat?post=17722"},{"taxonomy":"product_tag","embeddable":true,"href":"https:\/\/www.hirtenberg-apotheke.at\/katalog\/wp-json\/wp\/v2\/product_tag?post=17722"}],"curies":[{"name":"wp","href":"https:\/\/api.w.org\/{rel}","templated":true}]}}