{"id":17841,"date":"2025-11-25T17:29:32","date_gmt":"2025-11-25T16:29:32","guid":{"rendered":"https:\/\/www.hirtenberg-apotheke.at\/katalog\/produkt\/eucerin-ultrasensitive-beruhigende-pflege-fuer-normale-und-mischhaut\/"},"modified":"2025-11-25T17:29:42","modified_gmt":"2025-11-25T16:29:42","slug":"eucerin-ultrasensitive-beruhigende-pflege-fuer-normale-und-mischhaut","status":"publish","type":"product","link":"https:\/\/www.hirtenberg-apotheke.at\/katalog\/produkt\/eucerin-ultrasensitive-beruhigende-pflege-fuer-normale-und-mischhaut\/","title":{"rendered":"Eucerin UltraSENSITIVE Beruhigende Pflege f\u00fcr Normale und Mischhaut"},"content":{"rendered":"<p>Eucerin Ultra Sensitive beruhigende Pflege f\u00fcr normale Haut bis Mischhaut wird f\u00fcr sehr empfindliche Haut empfohlen, deren Hauptsymptom ein unangenehmes Hautgef\u00fchl ohne sichtbare Anzeichen von R\u00f6tungen ist. Die Pflege beruhigt sehr empfindliche Haut nicht nur sofort, sondern sorgt auch f\u00fcr ein langanhaltendes Wohlgef\u00fchl der Haut. Morgens und abends nach dem Reinigen auf Gesicht, Hals und Dekollet\u00e9 auftragen, um Hautirritationen sofort zu beruhigen.<\/p>\n","protected":false},"excerpt":{"rendered":"<p>Eucerin Ultra Sensitive beruhigende Pflege f\u00fcr normale Haut bis Mischhaut wird f\u00fcr sehr empfindliche Haut empfohlen, deren Hauptsymptom ein unangenehmes Hautgef\u00fchl ohne sichtbare Anzeichen von R\u00f6tungen ist. Die Pflege beruhigt sehr empfindliche Haut nicht nur sofort, sondern sorgt auch f\u00fcr ein langanhaltendes Wohlgef\u00fchl der Haut. Morgens und abends nach dem Reinigen auf Gesicht, Hals und [&hellip;]<\/p>\n","protected":false},"featured_media":0,"template":"","meta":{"_acf_changed":false},"product_brand":[694],"product_cat":[307],"product_tag":[],"class_list":{"0":"post-17841","1":"product","2":"type-product","3":"status-publish","5":"product_brand-eucerin","6":"product_cat-e","7":"pa_packungsgroesse-50ml","9":"first","10":"instock","11":"shipping-taxable","12":"purchasable","13":"product-type-simple"},"acf":[],"_links":{"self":[{"href":"https:\/\/www.hirtenberg-apotheke.at\/katalog\/wp-json\/wp\/v2\/product\/17841","targetHints":{"allow":["GET"]}}],"collection":[{"href":"https:\/\/www.hirtenberg-apotheke.at\/katalog\/wp-json\/wp\/v2\/product"}],"about":[{"href":"https:\/\/www.hirtenberg-apotheke.at\/katalog\/wp-json\/wp\/v2\/types\/product"}],"wp:attachment":[{"href":"https:\/\/www.hirtenberg-apotheke.at\/katalog\/wp-json\/wp\/v2\/media?parent=17841"}],"wp:term":[{"taxonomy":"product_brand","embeddable":true,"href":"https:\/\/www.hirtenberg-apotheke.at\/katalog\/wp-json\/wp\/v2\/product_brand?post=17841"},{"taxonomy":"product_cat","embeddable":true,"href":"https:\/\/www.hirtenberg-apotheke.at\/katalog\/wp-json\/wp\/v2\/product_cat?post=17841"},{"taxonomy":"product_tag","embeddable":true,"href":"https:\/\/www.hirtenberg-apotheke.at\/katalog\/wp-json\/wp\/v2\/product_tag?post=17841"}],"curies":[{"name":"wp","href":"https:\/\/api.w.org\/{rel}","templated":true}]}}