{"id":17862,"date":"2025-11-25T17:29:51","date_gmt":"2025-11-25T16:29:51","guid":{"rendered":"https:\/\/www.hirtenberg-apotheke.at\/katalog\/produkt\/eucerin-dermopure-waschpeeling\/"},"modified":"2025-11-25T17:30:01","modified_gmt":"2025-11-25T16:30:01","slug":"eucerin-dermopure-waschpeeling","status":"publish","type":"product","link":"https:\/\/www.hirtenberg-apotheke.at\/katalog\/produkt\/eucerin-dermopure-waschpeeling\/","title":{"rendered":"Eucerin DERMOPURE Waschpeeling"},"content":{"rendered":"<p>Die nicht fettende Formel des Eucerin Dermopure Waschpeelings mit Milchs\u00e4ure wirkt genau dort, wo Unreinheiten entstehen, ohne die Haut auszutrocknen. Das Anti Pickel Peeling befreit die Haut sanft von Make-up und Hautsch\u00fcppchen. Zus\u00e4tzlich entfernen Mikropartikel auf nat\u00fcrlicher Basis abgestorbene Hautzellen, ohne die Haut zu besch\u00e4digen.Die Haut wird sanft gereinigt, Poren ge\u00f6ffnet, Unreinheiten und Mitesser reduziert und die gesamte Hautstruktur sichtbar verfeinert.<\/p>\n","protected":false},"excerpt":{"rendered":"<p>Die nicht fettende Formel des Eucerin Dermopure Waschpeelings mit Milchs\u00e4ure wirkt genau dort, wo Unreinheiten entstehen, ohne die Haut auszutrocknen. Das Anti Pickel Peeling befreit die Haut sanft von Make-up und Hautsch\u00fcppchen. Zus\u00e4tzlich entfernen Mikropartikel auf nat\u00fcrlicher Basis abgestorbene Hautzellen, ohne die Haut zu besch\u00e4digen.Die Haut wird sanft gereinigt, Poren ge\u00f6ffnet, Unreinheiten und Mitesser reduziert [&hellip;]<\/p>\n","protected":false},"featured_media":0,"template":"","meta":{"_acf_changed":false},"product_brand":[694],"product_cat":[307],"product_tag":[],"class_list":{"0":"post-17862","1":"product","2":"type-product","3":"status-publish","5":"product_brand-eucerin","6":"product_cat-e","7":"pa_packungsgroesse-100ml","9":"first","10":"instock","11":"shipping-taxable","12":"purchasable","13":"product-type-simple"},"acf":[],"_links":{"self":[{"href":"https:\/\/www.hirtenberg-apotheke.at\/katalog\/wp-json\/wp\/v2\/product\/17862","targetHints":{"allow":["GET"]}}],"collection":[{"href":"https:\/\/www.hirtenberg-apotheke.at\/katalog\/wp-json\/wp\/v2\/product"}],"about":[{"href":"https:\/\/www.hirtenberg-apotheke.at\/katalog\/wp-json\/wp\/v2\/types\/product"}],"wp:attachment":[{"href":"https:\/\/www.hirtenberg-apotheke.at\/katalog\/wp-json\/wp\/v2\/media?parent=17862"}],"wp:term":[{"taxonomy":"product_brand","embeddable":true,"href":"https:\/\/www.hirtenberg-apotheke.at\/katalog\/wp-json\/wp\/v2\/product_brand?post=17862"},{"taxonomy":"product_cat","embeddable":true,"href":"https:\/\/www.hirtenberg-apotheke.at\/katalog\/wp-json\/wp\/v2\/product_cat?post=17862"},{"taxonomy":"product_tag","embeddable":true,"href":"https:\/\/www.hirtenberg-apotheke.at\/katalog\/wp-json\/wp\/v2\/product_tag?post=17862"}],"curies":[{"name":"wp","href":"https:\/\/api.w.org\/{rel}","templated":true}]}}