{"id":17896,"date":"2025-11-25T17:30:14","date_gmt":"2025-11-25T16:30:14","guid":{"rendered":"https:\/\/www.hirtenberg-apotheke.at\/katalog\/produkt\/eucerin-lipo-balance-creme-fuer-trockene-bis-sehr-trockene-haut\/"},"modified":"2025-11-25T17:30:20","modified_gmt":"2025-11-25T16:30:20","slug":"eucerin-lipo-balance-creme-fuer-trockene-bis-sehr-trockene-haut","status":"publish","type":"product","link":"https:\/\/www.hirtenberg-apotheke.at\/katalog\/produkt\/eucerin-lipo-balance-creme-fuer-trockene-bis-sehr-trockene-haut\/","title":{"rendered":"Eucerin LIPO BALANCE Creme f\u00fcr trockene bis sehr trockene Haut"},"content":{"rendered":"<p>Eucerin Lipo-Balance Gesichtspflege mit Biotin und Ceramid-3 ist eine reichhaltige Intensivpflege. Sie regt den Aufbau von hauteigenen Lipiden an, die die Hautschutzbarriere reparieren und so die Widerstandskraft der Haut st\u00e4rken. Die Haut f\u00fchlt sich sp\u00fcrbar entspannt, geschmeidig und weich an und ist lang anhaltend vor dem Austrocknen gesch\u00fctzt.<\/p>\n","protected":false},"excerpt":{"rendered":"<p>Eucerin Lipo-Balance Gesichtspflege mit Biotin und Ceramid-3 ist eine reichhaltige Intensivpflege. Sie regt den Aufbau von hauteigenen Lipiden an, die die Hautschutzbarriere reparieren und so die Widerstandskraft der Haut st\u00e4rken. Die Haut f\u00fchlt sich sp\u00fcrbar entspannt, geschmeidig und weich an und ist lang anhaltend vor dem Austrocknen gesch\u00fctzt.<\/p>\n","protected":false},"featured_media":0,"template":"","meta":{"_acf_changed":false},"product_brand":[694],"product_cat":[307],"product_tag":[],"class_list":{"0":"post-17896","1":"product","2":"type-product","3":"status-publish","5":"product_brand-eucerin","6":"product_cat-e","7":"pa_packungsgroesse-50ml","9":"first","10":"instock","11":"shipping-taxable","12":"purchasable","13":"product-type-simple"},"acf":[],"_links":{"self":[{"href":"https:\/\/www.hirtenberg-apotheke.at\/katalog\/wp-json\/wp\/v2\/product\/17896","targetHints":{"allow":["GET"]}}],"collection":[{"href":"https:\/\/www.hirtenberg-apotheke.at\/katalog\/wp-json\/wp\/v2\/product"}],"about":[{"href":"https:\/\/www.hirtenberg-apotheke.at\/katalog\/wp-json\/wp\/v2\/types\/product"}],"wp:attachment":[{"href":"https:\/\/www.hirtenberg-apotheke.at\/katalog\/wp-json\/wp\/v2\/media?parent=17896"}],"wp:term":[{"taxonomy":"product_brand","embeddable":true,"href":"https:\/\/www.hirtenberg-apotheke.at\/katalog\/wp-json\/wp\/v2\/product_brand?post=17896"},{"taxonomy":"product_cat","embeddable":true,"href":"https:\/\/www.hirtenberg-apotheke.at\/katalog\/wp-json\/wp\/v2\/product_cat?post=17896"},{"taxonomy":"product_tag","embeddable":true,"href":"https:\/\/www.hirtenberg-apotheke.at\/katalog\/wp-json\/wp\/v2\/product_tag?post=17896"}],"curies":[{"name":"wp","href":"https:\/\/api.w.org\/{rel}","templated":true}]}}