{"id":17902,"date":"2025-11-25T17:30:21","date_gmt":"2025-11-25T16:30:21","guid":{"rendered":"https:\/\/www.hirtenberg-apotheke.at\/katalog\/produkt\/dr-hauschka-revitalisierende-maske-30-ml\/"},"modified":"2025-11-25T17:30:25","modified_gmt":"2025-11-25T16:30:25","slug":"dr-hauschka-revitalisierende-maske-30-ml","status":"publish","type":"product","link":"https:\/\/www.hirtenberg-apotheke.at\/katalog\/produkt\/dr-hauschka-revitalisierende-maske-30-ml\/","title":{"rendered":"Dr. Hauschka Revitalisierende Maske 30 ml"},"content":{"rendered":"<p>Dr. Hauschka Revitalisierende Maske verleiht einen ebenm\u00e4\u00dfigen Teint. F\u00fcr unreine, gro\u00dfporige, sonnenstrapazierte und zu Couperose neigende Haut ist sie eine erg\u00e4nzende Intensivpflege. Beinhaltet die Heilpflanzen Quitte, Wundklee und Kamille.<\/p>\n","protected":false},"excerpt":{"rendered":"<p>Dr. Hauschka Revitalisierende Maske verleiht einen ebenm\u00e4\u00dfigen Teint. F\u00fcr unreine, gro\u00dfporige, sonnenstrapazierte und zu Couperose neigende Haut ist sie eine erg\u00e4nzende Intensivpflege. Beinhaltet die Heilpflanzen Quitte, Wundklee und Kamille.<\/p>\n","protected":false},"featured_media":0,"template":"","meta":{"_acf_changed":false},"product_brand":[695],"product_cat":[295],"product_tag":[],"class_list":{"0":"post-17902","1":"product","2":"type-product","3":"status-publish","5":"product_brand-dr-hauschka","6":"product_cat-d","7":"pa_packungsgroesse-30ml","9":"first","10":"instock","11":"shipping-taxable","12":"purchasable","13":"product-type-simple"},"acf":[],"_links":{"self":[{"href":"https:\/\/www.hirtenberg-apotheke.at\/katalog\/wp-json\/wp\/v2\/product\/17902","targetHints":{"allow":["GET"]}}],"collection":[{"href":"https:\/\/www.hirtenberg-apotheke.at\/katalog\/wp-json\/wp\/v2\/product"}],"about":[{"href":"https:\/\/www.hirtenberg-apotheke.at\/katalog\/wp-json\/wp\/v2\/types\/product"}],"wp:attachment":[{"href":"https:\/\/www.hirtenberg-apotheke.at\/katalog\/wp-json\/wp\/v2\/media?parent=17902"}],"wp:term":[{"taxonomy":"product_brand","embeddable":true,"href":"https:\/\/www.hirtenberg-apotheke.at\/katalog\/wp-json\/wp\/v2\/product_brand?post=17902"},{"taxonomy":"product_cat","embeddable":true,"href":"https:\/\/www.hirtenberg-apotheke.at\/katalog\/wp-json\/wp\/v2\/product_cat?post=17902"},{"taxonomy":"product_tag","embeddable":true,"href":"https:\/\/www.hirtenberg-apotheke.at\/katalog\/wp-json\/wp\/v2\/product_tag?post=17902"}],"curies":[{"name":"wp","href":"https:\/\/api.w.org\/{rel}","templated":true}]}}