{"id":17906,"date":"2025-11-25T17:30:21","date_gmt":"2025-11-25T16:30:21","guid":{"rendered":"https:\/\/www.hirtenberg-apotheke.at\/katalog\/produkt\/apoforce-propolis-tiegel-lsf-5-ml\/"},"modified":"2025-11-25T17:30:27","modified_gmt":"2025-11-25T16:30:27","slug":"apoforce-propolis-tiegel-lsf-5-ml","status":"publish","type":"product","link":"https:\/\/www.hirtenberg-apotheke.at\/katalog\/produkt\/apoforce-propolis-tiegel-lsf-5-ml\/","title":{"rendered":"Apoforce Propolis Tiegel + LSF 5 ml"},"content":{"rendered":"<p>Apoforce Propolis Tiegel + LSF bietet Schutz und Pflege f\u00fcr die Lippen und \u00fcberzeugt mit einem Lichtschutzfaktor von 15. Dieses Produkt erhalten Sie als Stift oder im Tiegel \u00e1 5 ml.<\/p>\n","protected":false},"excerpt":{"rendered":"<p>Apoforce Propolis Tiegel + LSF bietet Schutz und Pflege f\u00fcr die Lippen und \u00fcberzeugt mit einem Lichtschutzfaktor von 15. Dieses Produkt erhalten Sie als Stift oder im Tiegel \u00e1 5 ml.<\/p>\n","protected":false},"featured_media":17908,"template":"","meta":{"_acf_changed":false},"product_brand":[],"product_cat":[299],"product_tag":[],"class_list":{"0":"post-17906","1":"product","2":"type-product","3":"status-publish","4":"has-post-thumbnail","6":"product_cat-a","7":"pa_packungsgroesse-5ml","9":"first","10":"instock","11":"shipping-taxable","12":"purchasable","13":"product-type-simple"},"acf":[],"_links":{"self":[{"href":"https:\/\/www.hirtenberg-apotheke.at\/katalog\/wp-json\/wp\/v2\/product\/17906","targetHints":{"allow":["GET"]}}],"collection":[{"href":"https:\/\/www.hirtenberg-apotheke.at\/katalog\/wp-json\/wp\/v2\/product"}],"about":[{"href":"https:\/\/www.hirtenberg-apotheke.at\/katalog\/wp-json\/wp\/v2\/types\/product"}],"wp:featuredmedia":[{"embeddable":true,"href":"https:\/\/www.hirtenberg-apotheke.at\/katalog\/wp-json\/wp\/v2\/media\/17908"}],"wp:attachment":[{"href":"https:\/\/www.hirtenberg-apotheke.at\/katalog\/wp-json\/wp\/v2\/media?parent=17906"}],"wp:term":[{"taxonomy":"product_brand","embeddable":true,"href":"https:\/\/www.hirtenberg-apotheke.at\/katalog\/wp-json\/wp\/v2\/product_brand?post=17906"},{"taxonomy":"product_cat","embeddable":true,"href":"https:\/\/www.hirtenberg-apotheke.at\/katalog\/wp-json\/wp\/v2\/product_cat?post=17906"},{"taxonomy":"product_tag","embeddable":true,"href":"https:\/\/www.hirtenberg-apotheke.at\/katalog\/wp-json\/wp\/v2\/product_tag?post=17906"}],"curies":[{"name":"wp","href":"https:\/\/api.w.org\/{rel}","templated":true}]}}