{"id":17982,"date":"2025-11-25T17:31:22","date_gmt":"2025-11-25T16:31:22","guid":{"rendered":"https:\/\/www.hirtenberg-apotheke.at\/katalog\/produkt\/medipharma-cosmetics-olivenoel-intensiv-creme-50-ml\/"},"modified":"2025-11-25T17:31:26","modified_gmt":"2025-11-25T16:31:26","slug":"medipharma-cosmetics-olivenoel-intensiv-creme-50-ml","status":"publish","type":"product","link":"https:\/\/www.hirtenberg-apotheke.at\/katalog\/produkt\/medipharma-cosmetics-olivenoel-intensiv-creme-50-ml\/","title":{"rendered":"Medipharma Cosmetics Oliven\u00f6l Intensiv Creme 50 ml"},"content":{"rendered":"<p>Medipharma Cosmetics Oliven\u00f6l Intensiv Creme ist eine Wasser-in-\u00d6l Verbindung. Das bedeutet, dass die pflegenden \u00d6le l\u00e4nger auf der Haut verbleiben und trockene Haut intensiver regenerieren k\u00f6nnen. Sie ist angereichert mit Retinol und Vitamin E.<\/p>\n","protected":false},"excerpt":{"rendered":"<p>Medipharma Cosmetics Oliven\u00f6l Intensiv Creme ist eine Wasser-in-\u00d6l Verbindung. Das bedeutet, dass die pflegenden \u00d6le l\u00e4nger auf der Haut verbleiben und trockene Haut intensiver regenerieren k\u00f6nnen. Sie ist angereichert mit Retinol und Vitamin E.<\/p>\n","protected":false},"featured_media":0,"template":"","meta":{"_acf_changed":false},"product_brand":[701],"product_cat":[308],"product_tag":[],"class_list":{"0":"post-17982","1":"product","2":"type-product","3":"status-publish","5":"product_brand-olivenoel-theiss","6":"product_cat-m","7":"pa_packungsgroesse-50ml","9":"first","10":"instock","11":"shipping-taxable","12":"purchasable","13":"product-type-simple"},"acf":[],"_links":{"self":[{"href":"https:\/\/www.hirtenberg-apotheke.at\/katalog\/wp-json\/wp\/v2\/product\/17982","targetHints":{"allow":["GET"]}}],"collection":[{"href":"https:\/\/www.hirtenberg-apotheke.at\/katalog\/wp-json\/wp\/v2\/product"}],"about":[{"href":"https:\/\/www.hirtenberg-apotheke.at\/katalog\/wp-json\/wp\/v2\/types\/product"}],"wp:attachment":[{"href":"https:\/\/www.hirtenberg-apotheke.at\/katalog\/wp-json\/wp\/v2\/media?parent=17982"}],"wp:term":[{"taxonomy":"product_brand","embeddable":true,"href":"https:\/\/www.hirtenberg-apotheke.at\/katalog\/wp-json\/wp\/v2\/product_brand?post=17982"},{"taxonomy":"product_cat","embeddable":true,"href":"https:\/\/www.hirtenberg-apotheke.at\/katalog\/wp-json\/wp\/v2\/product_cat?post=17982"},{"taxonomy":"product_tag","embeddable":true,"href":"https:\/\/www.hirtenberg-apotheke.at\/katalog\/wp-json\/wp\/v2\/product_tag?post=17982"}],"curies":[{"name":"wp","href":"https:\/\/api.w.org\/{rel}","templated":true}]}}