{"id":18003,"date":"2025-11-25T17:31:29","date_gmt":"2025-11-25T16:31:29","guid":{"rendered":"https:\/\/www.hirtenberg-apotheke.at\/katalog\/produkt\/eucerin-dermopure-mizellen-wasser\/"},"modified":"2025-11-25T17:31:39","modified_gmt":"2025-11-25T16:31:39","slug":"eucerin-dermopure-mizellen-wasser","status":"publish","type":"product","link":"https:\/\/www.hirtenberg-apotheke.at\/katalog\/produkt\/eucerin-dermopure-mizellen-wasser\/","title":{"rendered":"Eucerin DERMOPURE Mizellen Wasser"},"content":{"rendered":"<p>Das Eucerin Dermopure Mizellen-Wasser ist eine erfrischende Reinigung f\u00fcr unreine, zu Akne neigende Haut. Wasserl\u00f6sliches Make-up im Gesicht und an den Augen wird restlos entfernt. Die Haut wird gr\u00fcndlich gereinigt, gekl\u00e4rt sowie erfrischt und auf die anschliessende Pflege vorbereitet. Beugt der Entstehung von Unreinheiten vor.<\/p>\n","protected":false},"excerpt":{"rendered":"<p>Das Eucerin Dermopure Mizellen-Wasser ist eine erfrischende Reinigung f\u00fcr unreine, zu Akne neigende Haut. Wasserl\u00f6sliches Make-up im Gesicht und an den Augen wird restlos entfernt. Die Haut wird gr\u00fcndlich gereinigt, gekl\u00e4rt sowie erfrischt und auf die anschliessende Pflege vorbereitet. Beugt der Entstehung von Unreinheiten vor.<\/p>\n","protected":false},"featured_media":18005,"template":"","meta":{"_acf_changed":false},"product_brand":[694],"product_cat":[307],"product_tag":[],"class_list":{"0":"post-18003","1":"product","2":"type-product","3":"status-publish","4":"has-post-thumbnail","6":"product_brand-eucerin","7":"product_cat-e","8":"pa_packungsgroesse-400ml","10":"first","11":"instock","12":"shipping-taxable","13":"purchasable","14":"product-type-simple"},"acf":[],"_links":{"self":[{"href":"https:\/\/www.hirtenberg-apotheke.at\/katalog\/wp-json\/wp\/v2\/product\/18003","targetHints":{"allow":["GET"]}}],"collection":[{"href":"https:\/\/www.hirtenberg-apotheke.at\/katalog\/wp-json\/wp\/v2\/product"}],"about":[{"href":"https:\/\/www.hirtenberg-apotheke.at\/katalog\/wp-json\/wp\/v2\/types\/product"}],"wp:featuredmedia":[{"embeddable":true,"href":"https:\/\/www.hirtenberg-apotheke.at\/katalog\/wp-json\/wp\/v2\/media\/18005"}],"wp:attachment":[{"href":"https:\/\/www.hirtenberg-apotheke.at\/katalog\/wp-json\/wp\/v2\/media?parent=18003"}],"wp:term":[{"taxonomy":"product_brand","embeddable":true,"href":"https:\/\/www.hirtenberg-apotheke.at\/katalog\/wp-json\/wp\/v2\/product_brand?post=18003"},{"taxonomy":"product_cat","embeddable":true,"href":"https:\/\/www.hirtenberg-apotheke.at\/katalog\/wp-json\/wp\/v2\/product_cat?post=18003"},{"taxonomy":"product_tag","embeddable":true,"href":"https:\/\/www.hirtenberg-apotheke.at\/katalog\/wp-json\/wp\/v2\/product_tag?post=18003"}],"curies":[{"name":"wp","href":"https:\/\/api.w.org\/{rel}","templated":true}]}}