{"id":18007,"date":"2025-11-25T17:31:38","date_gmt":"2025-11-25T16:31:38","guid":{"rendered":"https:\/\/www.hirtenberg-apotheke.at\/katalog\/produkt\/nuxe-reve-de-miel-lippenpflegestift-4-g\/"},"modified":"2025-11-25T17:31:40","modified_gmt":"2025-11-25T16:31:40","slug":"nuxe-reve-de-miel-lippenpflegestift-4-g","status":"publish","type":"product","link":"https:\/\/www.hirtenberg-apotheke.at\/katalog\/produkt\/nuxe-reve-de-miel-lippenpflegestift-4-g\/","title":{"rendered":"Nuxe Reve de Miel Lippenpflegestift 4 g"},"content":{"rendered":"<p>Nuxe Reve de Miel Lippenpflegestift mit Honig und Sonnenblume wirkt Wunder auf trockenen und spr\u00f6den Lippen. F\u00fcr weiche und gepflegte Lippen  den ganzen Tag. Nie wieder trockene, rissige Lippen. Zaubert ein L\u00e4cheln auf Ihr Gesicht.<\/p>\n","protected":false},"excerpt":{"rendered":"<p>Nuxe Reve de Miel Lippenpflegestift mit Honig und Sonnenblume wirkt Wunder auf trockenen und spr\u00f6den Lippen. F\u00fcr weiche und gepflegte Lippen den ganzen Tag. Nie wieder trockene, rissige Lippen. Zaubert ein L\u00e4cheln auf Ihr Gesicht.<\/p>\n","protected":false},"featured_media":0,"template":"","meta":{"_acf_changed":false},"product_brand":[720],"product_cat":[310],"product_tag":[],"class_list":{"0":"post-18007","1":"product","2":"type-product","3":"status-publish","5":"product_brand-nuxe","6":"product_cat-n","7":"pa_packungsgroesse-1-stueck","9":"first","10":"instock","11":"shipping-taxable","12":"purchasable","13":"product-type-simple"},"acf":[],"_links":{"self":[{"href":"https:\/\/www.hirtenberg-apotheke.at\/katalog\/wp-json\/wp\/v2\/product\/18007","targetHints":{"allow":["GET"]}}],"collection":[{"href":"https:\/\/www.hirtenberg-apotheke.at\/katalog\/wp-json\/wp\/v2\/product"}],"about":[{"href":"https:\/\/www.hirtenberg-apotheke.at\/katalog\/wp-json\/wp\/v2\/types\/product"}],"wp:attachment":[{"href":"https:\/\/www.hirtenberg-apotheke.at\/katalog\/wp-json\/wp\/v2\/media?parent=18007"}],"wp:term":[{"taxonomy":"product_brand","embeddable":true,"href":"https:\/\/www.hirtenberg-apotheke.at\/katalog\/wp-json\/wp\/v2\/product_brand?post=18007"},{"taxonomy":"product_cat","embeddable":true,"href":"https:\/\/www.hirtenberg-apotheke.at\/katalog\/wp-json\/wp\/v2\/product_cat?post=18007"},{"taxonomy":"product_tag","embeddable":true,"href":"https:\/\/www.hirtenberg-apotheke.at\/katalog\/wp-json\/wp\/v2\/product_tag?post=18007"}],"curies":[{"name":"wp","href":"https:\/\/api.w.org\/{rel}","templated":true}]}}