{"id":18074,"date":"2025-11-25T17:32:13","date_gmt":"2025-11-25T16:32:13","guid":{"rendered":"https:\/\/www.hirtenberg-apotheke.at\/katalog\/produkt\/dr-hauschka-toenungscreme-30-ml\/"},"modified":"2025-11-25T17:32:20","modified_gmt":"2025-11-25T16:32:20","slug":"dr-hauschka-toenungscreme-30-ml","status":"publish","type":"product","link":"https:\/\/www.hirtenberg-apotheke.at\/katalog\/produkt\/dr-hauschka-toenungscreme-30-ml\/","title":{"rendered":"Dr. Hauschka T\u00f6nungscreme 30 ml"},"content":{"rendered":"<p>Dr. Hauschka T\u00f6nungscreme vermittelt einen idealen Ausgleich der Fett- und Feuchtigkeitsprozesse f\u00fcr jedes Hautbild. Sie ist sehr gut vertr\u00e4glich und verleiht das Gef\u00fchl von erh\u00f6hter Spannkraft und Elastizit\u00e4t.<\/p>\n","protected":false},"excerpt":{"rendered":"<p>Dr. Hauschka T\u00f6nungscreme vermittelt einen idealen Ausgleich der Fett- und Feuchtigkeitsprozesse f\u00fcr jedes Hautbild. Sie ist sehr gut vertr\u00e4glich und verleiht das Gef\u00fchl von erh\u00f6hter Spannkraft und Elastizit\u00e4t.<\/p>\n","protected":false},"featured_media":0,"template":"","meta":{"_acf_changed":false},"product_brand":[695],"product_cat":[295],"product_tag":[],"class_list":{"0":"post-18074","1":"product","2":"type-product","3":"status-publish","5":"product_brand-dr-hauschka","6":"product_cat-d","7":"pa_packungsgroesse-30ml","9":"first","10":"instock","11":"shipping-taxable","12":"purchasable","13":"product-type-simple"},"acf":[],"_links":{"self":[{"href":"https:\/\/www.hirtenberg-apotheke.at\/katalog\/wp-json\/wp\/v2\/product\/18074","targetHints":{"allow":["GET"]}}],"collection":[{"href":"https:\/\/www.hirtenberg-apotheke.at\/katalog\/wp-json\/wp\/v2\/product"}],"about":[{"href":"https:\/\/www.hirtenberg-apotheke.at\/katalog\/wp-json\/wp\/v2\/types\/product"}],"wp:attachment":[{"href":"https:\/\/www.hirtenberg-apotheke.at\/katalog\/wp-json\/wp\/v2\/media?parent=18074"}],"wp:term":[{"taxonomy":"product_brand","embeddable":true,"href":"https:\/\/www.hirtenberg-apotheke.at\/katalog\/wp-json\/wp\/v2\/product_brand?post=18074"},{"taxonomy":"product_cat","embeddable":true,"href":"https:\/\/www.hirtenberg-apotheke.at\/katalog\/wp-json\/wp\/v2\/product_cat?post=18074"},{"taxonomy":"product_tag","embeddable":true,"href":"https:\/\/www.hirtenberg-apotheke.at\/katalog\/wp-json\/wp\/v2\/product_tag?post=18074"}],"curies":[{"name":"wp","href":"https:\/\/api.w.org\/{rel}","templated":true}]}}