{"id":18090,"date":"2025-11-25T17:32:22","date_gmt":"2025-11-25T16:32:22","guid":{"rendered":"https:\/\/www.hirtenberg-apotheke.at\/katalog\/produkt\/caudalie-premier-cru-anti-aging-feuchtigkeitscreme\/"},"modified":"2025-11-25T17:32:28","modified_gmt":"2025-11-25T16:32:28","slug":"caudalie-premier-cru-anti-aging-feuchtigkeitscreme","status":"publish","type":"product","link":"https:\/\/www.hirtenberg-apotheke.at\/katalog\/produkt\/caudalie-premier-cru-anti-aging-feuchtigkeitscreme\/","title":{"rendered":"Caudalie Premier Cru Anti-Aging Feuchtigkeitscreme"},"content":{"rendered":"<p>Als einzigartige Anti-Aging Pflege wird Premier Cru Die Creme durch die patentierte TET8\u2122-Technologie verst\u00e4rkt, um 8 Zeichen der Hautalterung ohne Kompromisse zu korrigieren: Vorhandene Falten, F\u00e4ltchen, Straffung, Volumen, Elastizit\u00e4t, Pigmentflecken, Feuchtigkeitsversorgung und Ausstrahlung.<\/p>\n<p>Erh\u00e4ltlich als Nachf\u00fcllgr\u00f6\u00dfe.<\/p>\n<p><strong>Hauttyp\u00a0:<\/strong> Alle Hauttypen<\/p>\n<p><strong>Brauche\u00a0:<\/strong> Umfassender Anti-Aging-Effekt<\/p>\n<p><strong>Hauptinhaltsstoffe\u00a0:<\/strong> Hyaluronsa\u0308ure, Viniferine, Patentierte TET8\u2122 Technologie<\/p>\n<p><strong>Textur\u00a0:<\/strong> Creme<\/p>\n<p><strong>Verwendung\u00a0:<\/strong> Morgens und abends, nach Ihrem Serum<\/p>\n<p><strong>Rezeptur:<\/strong><\/p>\n<ul>\n<li>97 % Inhaltsstoffe nat\u00fcrlichen Ursprungs<\/li>\n<li>Nicht komedogen<\/li>\n<li>Dermatologisch getestet<\/li>\n<li>Vegan<\/li>\n<li>Parfum 100% nat\u00fcrlichen Ursprungs<\/li>\n<\/ul>\n<p><strong>Sichtbare Resultate<\/strong><\/p>\n<ul>\n<li>Korrigierte Falten: 93 %*, Reduzierte F\u00e4ltchen: 87 %, Gemilderte Pigmentflecken: 93 %, Strahlender Teint: 93 %, Straffere Haut: 97 %, Bessere Elastizit\u00e4t: 96 %, Harmonischeres Gesichtsvolumen: 94 %, Mit Feuchtigkeit versorgte Haut: 100 %**<\/li>\n<\/ul>\n<p>*Klinischer Test, % Zufriedenheit, 31 Freiwillige, 56 Tage. **Klinischer Test, % Zufriedenheit, 32 Freiwillige, 56 Tage.<\/p>\n<p><strong>Wussten Sie es?<\/strong><\/p>\n<p>Diese mit straffenden Zuckerarten angereicherte Creme hat bereits nach 3 Minuten und bis zu 6 Stunden lang eine sichtbare Wirkung\u00a0<\/p>\n","protected":false},"excerpt":{"rendered":"<p>Als einzigartige Anti-Aging Pflege wird Premier Cru Die Creme durch die patentierte TET8\u2122-Technologie verst\u00e4rkt, um 8 Zeichen der Hautalterung ohne Kompromisse zu korrigieren: Vorhandene Falten, F\u00e4ltchen, Straffung, Volumen, Elastizit\u00e4t, Pigmentflecken, Feuchtigkeitsversorgung und Ausstrahlung. Erh\u00e4ltlich als Nachf\u00fcllgr\u00f6\u00dfe. Hauttyp\u00a0: Alle Hauttypen Brauche\u00a0: Umfassender Anti-Aging-Effekt Hauptinhaltsstoffe\u00a0: Hyaluronsa\u0308ure, Viniferine, Patentierte TET8\u2122 Technologie Textur\u00a0: Creme Verwendung\u00a0: Morgens und abends, nach [&hellip;]<\/p>\n","protected":false},"featured_media":18092,"template":"","meta":{"_acf_changed":false},"product_brand":[703],"product_cat":[337],"product_tag":[],"class_list":{"0":"post-18090","1":"product","2":"type-product","3":"status-publish","4":"has-post-thumbnail","6":"product_brand-caudalie","7":"product_cat-c","8":"pa_packungsgroesse-50ml","10":"first","11":"instock","12":"shipping-taxable","13":"purchasable","14":"product-type-simple"},"acf":[],"_links":{"self":[{"href":"https:\/\/www.hirtenberg-apotheke.at\/katalog\/wp-json\/wp\/v2\/product\/18090","targetHints":{"allow":["GET"]}}],"collection":[{"href":"https:\/\/www.hirtenberg-apotheke.at\/katalog\/wp-json\/wp\/v2\/product"}],"about":[{"href":"https:\/\/www.hirtenberg-apotheke.at\/katalog\/wp-json\/wp\/v2\/types\/product"}],"wp:featuredmedia":[{"embeddable":true,"href":"https:\/\/www.hirtenberg-apotheke.at\/katalog\/wp-json\/wp\/v2\/media\/18092"}],"wp:attachment":[{"href":"https:\/\/www.hirtenberg-apotheke.at\/katalog\/wp-json\/wp\/v2\/media?parent=18090"}],"wp:term":[{"taxonomy":"product_brand","embeddable":true,"href":"https:\/\/www.hirtenberg-apotheke.at\/katalog\/wp-json\/wp\/v2\/product_brand?post=18090"},{"taxonomy":"product_cat","embeddable":true,"href":"https:\/\/www.hirtenberg-apotheke.at\/katalog\/wp-json\/wp\/v2\/product_cat?post=18090"},{"taxonomy":"product_tag","embeddable":true,"href":"https:\/\/www.hirtenberg-apotheke.at\/katalog\/wp-json\/wp\/v2\/product_tag?post=18090"}],"curies":[{"name":"wp","href":"https:\/\/api.w.org\/{rel}","templated":true}]}}