{"id":18097,"date":"2025-11-25T17:32:29","date_gmt":"2025-11-25T16:32:29","guid":{"rendered":"https:\/\/www.hirtenberg-apotheke.at\/katalog\/produkt\/eucerin-dermopure-therapiebegleitende-feuchtigkeitspflege\/"},"modified":"2025-11-25T17:32:33","modified_gmt":"2025-11-25T16:32:33","slug":"eucerin-dermopure-therapiebegleitende-feuchtigkeitspflege","status":"publish","type":"product","link":"https:\/\/www.hirtenberg-apotheke.at\/katalog\/produkt\/eucerin-dermopure-therapiebegleitende-feuchtigkeitspflege\/","title":{"rendered":"Eucerin DERMOPURE Therapiebegleitende Feuchtigkeitspflege"},"content":{"rendered":"<p>Die Dermopure Therapiebegleitende Feuchtigkeitspflege wurde speziell f\u00fcr Menschen entwickelt, die unter schwereren Formen von unreiner, zu Akne neigender Haut leiden und sich daher in medikament\u00f6ser Behandlung befinden. Als Folge einer solchen medizinischen Behandlung trocknet die Haut h\u00e4ufig stark aus, ist irritiert oder ger\u00f6tet. Die Feuchtigkeitspflege mildert diese durch die Aknetherapie h\u00e4ufig verursachten Nebenwirkungen. Die intensiv feuchtigkeitsspendende, nicht fettende Textur mildert Hautirritationen, reduziert Spannungen und Hautr\u00f6tungen und hilft, die anspruchsvolle, unreine, zu Akne neigende Haut wieder unter Kontrolle zu bringen.<\/p>\n","protected":false},"excerpt":{"rendered":"<p>Die Dermopure Therapiebegleitende Feuchtigkeitspflege wurde speziell f\u00fcr Menschen entwickelt, die unter schwereren Formen von unreiner, zu Akne neigender Haut leiden und sich daher in medikament\u00f6ser Behandlung befinden. Als Folge einer solchen medizinischen Behandlung trocknet die Haut h\u00e4ufig stark aus, ist irritiert oder ger\u00f6tet. Die Feuchtigkeitspflege mildert diese durch die Aknetherapie h\u00e4ufig verursachten Nebenwirkungen. Die intensiv [&hellip;]<\/p>\n","protected":false},"featured_media":0,"template":"","meta":{"_acf_changed":false},"product_brand":[694],"product_cat":[307],"product_tag":[],"class_list":{"0":"post-18097","1":"product","2":"type-product","3":"status-publish","5":"product_brand-eucerin","6":"product_cat-e","7":"pa_packungsgroesse-50ml","9":"first","10":"instock","11":"shipping-taxable","12":"purchasable","13":"product-type-simple"},"acf":[],"_links":{"self":[{"href":"https:\/\/www.hirtenberg-apotheke.at\/katalog\/wp-json\/wp\/v2\/product\/18097","targetHints":{"allow":["GET"]}}],"collection":[{"href":"https:\/\/www.hirtenberg-apotheke.at\/katalog\/wp-json\/wp\/v2\/product"}],"about":[{"href":"https:\/\/www.hirtenberg-apotheke.at\/katalog\/wp-json\/wp\/v2\/types\/product"}],"wp:attachment":[{"href":"https:\/\/www.hirtenberg-apotheke.at\/katalog\/wp-json\/wp\/v2\/media?parent=18097"}],"wp:term":[{"taxonomy":"product_brand","embeddable":true,"href":"https:\/\/www.hirtenberg-apotheke.at\/katalog\/wp-json\/wp\/v2\/product_brand?post=18097"},{"taxonomy":"product_cat","embeddable":true,"href":"https:\/\/www.hirtenberg-apotheke.at\/katalog\/wp-json\/wp\/v2\/product_cat?post=18097"},{"taxonomy":"product_tag","embeddable":true,"href":"https:\/\/www.hirtenberg-apotheke.at\/katalog\/wp-json\/wp\/v2\/product_tag?post=18097"}],"curies":[{"name":"wp","href":"https:\/\/api.w.org\/{rel}","templated":true}]}}