{"id":18101,"date":"2025-11-25T17:32:29","date_gmt":"2025-11-25T16:32:29","guid":{"rendered":"https:\/\/www.hirtenberg-apotheke.at\/katalog\/produkt\/olivenoel-augenpflege-balsam-15-ml\/"},"modified":"2025-11-25T17:32:36","modified_gmt":"2025-11-25T16:32:36","slug":"olivenoel-augenpflege-balsam-15-ml","status":"publish","type":"product","link":"https:\/\/www.hirtenberg-apotheke.at\/katalog\/produkt\/olivenoel-augenpflege-balsam-15-ml\/","title":{"rendered":"Oliven\u00f6l Augenpflege Balsam 15 ML"},"content":{"rendered":"<p>Oliven\u00f6l Augenpflegebalsam ist eine Spezialpflege bei F\u00e4ltchen, Augenringen und Schwellungen. Der Balsam eine Kombination aus kaltgepresstem Oliven\u00f6l, hautstraffendem Rosenwurz und Coffein.<\/p>\n","protected":false},"excerpt":{"rendered":"<p>Oliven\u00f6l Augenpflegebalsam ist eine Spezialpflege bei F\u00e4ltchen, Augenringen und Schwellungen. Der Balsam eine Kombination aus kaltgepresstem Oliven\u00f6l, hautstraffendem Rosenwurz und Coffein.<\/p>\n","protected":false},"featured_media":0,"template":"","meta":{"_acf_changed":false},"product_brand":[701],"product_cat":[349],"product_tag":[],"class_list":{"0":"post-18101","1":"product","2":"type-product","3":"status-publish","5":"product_brand-olivenoel-theiss","6":"product_cat-o","7":"pa_packungsgroesse-15ml","9":"first","10":"instock","11":"shipping-taxable","12":"purchasable","13":"product-type-simple"},"acf":[],"_links":{"self":[{"href":"https:\/\/www.hirtenberg-apotheke.at\/katalog\/wp-json\/wp\/v2\/product\/18101","targetHints":{"allow":["GET"]}}],"collection":[{"href":"https:\/\/www.hirtenberg-apotheke.at\/katalog\/wp-json\/wp\/v2\/product"}],"about":[{"href":"https:\/\/www.hirtenberg-apotheke.at\/katalog\/wp-json\/wp\/v2\/types\/product"}],"wp:attachment":[{"href":"https:\/\/www.hirtenberg-apotheke.at\/katalog\/wp-json\/wp\/v2\/media?parent=18101"}],"wp:term":[{"taxonomy":"product_brand","embeddable":true,"href":"https:\/\/www.hirtenberg-apotheke.at\/katalog\/wp-json\/wp\/v2\/product_brand?post=18101"},{"taxonomy":"product_cat","embeddable":true,"href":"https:\/\/www.hirtenberg-apotheke.at\/katalog\/wp-json\/wp\/v2\/product_cat?post=18101"},{"taxonomy":"product_tag","embeddable":true,"href":"https:\/\/www.hirtenberg-apotheke.at\/katalog\/wp-json\/wp\/v2\/product_tag?post=18101"}],"curies":[{"name":"wp","href":"https:\/\/api.w.org\/{rel}","templated":true}]}}