{"id":18206,"date":"2025-11-25T17:33:36","date_gmt":"2025-11-25T16:33:36","guid":{"rendered":"https:\/\/www.hirtenberg-apotheke.at\/katalog\/produkt\/lierac-lift-integral-remodellierende-lifting-creme-50-ml\/"},"modified":"2025-11-25T17:33:40","modified_gmt":"2025-11-25T16:33:40","slug":"lierac-lift-integral-remodellierende-lifting-creme-50-ml","status":"publish","type":"product","link":"https:\/\/www.hirtenberg-apotheke.at\/katalog\/produkt\/lierac-lift-integral-remodellierende-lifting-creme-50-ml\/","title":{"rendered":"Lierac Lift Integral Remodellierende Lifting Creme 50 ml"},"content":{"rendered":"<p>Lierac Lift Integral Remodellierende Lifting Creme 50 ml mit einer innovativen Kombination von zwei nat\u00fcrlichen Biopolymeren bildet einen Film auf der Hautoberfl\u00e4che f\u00fcr einen sofortigen straffenden Netz-Effekt im Gesicht. Mit einem femininen, frischen und zart-blumigen Duft, der die leichten Noten von Freesien, Jasmin und wilden Beeren mit einer warmen Sandelholz-Note verbindet.<\/p>\n","protected":false},"excerpt":{"rendered":"<p>Lierac Lift Integral Remodellierende Lifting Creme 50 ml mit einer innovativen Kombination von zwei nat\u00fcrlichen Biopolymeren bildet einen Film auf der Hautoberfl\u00e4che f\u00fcr einen sofortigen straffenden Netz-Effekt im Gesicht. Mit einem femininen, frischen und zart-blumigen Duft, der die leichten Noten von Freesien, Jasmin und wilden Beeren mit einer warmen Sandelholz-Note verbindet.<\/p>\n","protected":false},"featured_media":18208,"template":"","meta":{"_acf_changed":false},"product_brand":[724],"product_cat":[317],"product_tag":[],"class_list":{"0":"post-18206","1":"product","2":"type-product","3":"status-publish","4":"has-post-thumbnail","6":"product_brand-lierac","7":"product_cat-l","8":"pa_packungsgroesse-50ml","10":"first","11":"instock","12":"shipping-taxable","13":"purchasable","14":"product-type-simple"},"acf":[],"_links":{"self":[{"href":"https:\/\/www.hirtenberg-apotheke.at\/katalog\/wp-json\/wp\/v2\/product\/18206","targetHints":{"allow":["GET"]}}],"collection":[{"href":"https:\/\/www.hirtenberg-apotheke.at\/katalog\/wp-json\/wp\/v2\/product"}],"about":[{"href":"https:\/\/www.hirtenberg-apotheke.at\/katalog\/wp-json\/wp\/v2\/types\/product"}],"wp:featuredmedia":[{"embeddable":true,"href":"https:\/\/www.hirtenberg-apotheke.at\/katalog\/wp-json\/wp\/v2\/media\/18208"}],"wp:attachment":[{"href":"https:\/\/www.hirtenberg-apotheke.at\/katalog\/wp-json\/wp\/v2\/media?parent=18206"}],"wp:term":[{"taxonomy":"product_brand","embeddable":true,"href":"https:\/\/www.hirtenberg-apotheke.at\/katalog\/wp-json\/wp\/v2\/product_brand?post=18206"},{"taxonomy":"product_cat","embeddable":true,"href":"https:\/\/www.hirtenberg-apotheke.at\/katalog\/wp-json\/wp\/v2\/product_cat?post=18206"},{"taxonomy":"product_tag","embeddable":true,"href":"https:\/\/www.hirtenberg-apotheke.at\/katalog\/wp-json\/wp\/v2\/product_tag?post=18206"}],"curies":[{"name":"wp","href":"https:\/\/api.w.org\/{rel}","templated":true}]}}