{"id":18223,"date":"2025-11-25T17:33:43","date_gmt":"2025-11-25T16:33:43","guid":{"rendered":"https:\/\/www.hirtenberg-apotheke.at\/katalog\/produkt\/medipharma-cosmetics-olivenoel-reinigungsmilch-200-ml\/"},"modified":"2025-11-25T17:33:49","modified_gmt":"2025-11-25T16:33:49","slug":"medipharma-cosmetics-olivenoel-reinigungsmilch-200-ml","status":"publish","type":"product","link":"https:\/\/www.hirtenberg-apotheke.at\/katalog\/produkt\/medipharma-cosmetics-olivenoel-reinigungsmilch-200-ml\/","title":{"rendered":"Medipharma Cosmetics Oliven\u00f6l Reinigungsmilch 200 ml"},"content":{"rendered":"<p>Medipharma Cosmetics Oliven\u00f6l Reinigungsmilch mit kaltgepresstem Oliven\u00f6l, Panthenol und einem feuchtigkeitsspendenden Pflegekomplex reinigt die Gesichtshaut sanft und bewahrt das Hydro-Lipid-Gleichgewicht.<\/p>\n","protected":false},"excerpt":{"rendered":"<p>Medipharma Cosmetics Oliven\u00f6l Reinigungsmilch mit kaltgepresstem Oliven\u00f6l, Panthenol und einem feuchtigkeitsspendenden Pflegekomplex reinigt die Gesichtshaut sanft und bewahrt das Hydro-Lipid-Gleichgewicht.<\/p>\n","protected":false},"featured_media":18225,"template":"","meta":{"_acf_changed":false},"product_brand":[701],"product_cat":[308],"product_tag":[],"class_list":{"0":"post-18223","1":"product","2":"type-product","3":"status-publish","4":"has-post-thumbnail","6":"product_brand-olivenoel-theiss","7":"product_cat-m","8":"pa_packungsgroesse-200ml","10":"first","11":"instock","12":"shipping-taxable","13":"purchasable","14":"product-type-simple"},"acf":[],"_links":{"self":[{"href":"https:\/\/www.hirtenberg-apotheke.at\/katalog\/wp-json\/wp\/v2\/product\/18223","targetHints":{"allow":["GET"]}}],"collection":[{"href":"https:\/\/www.hirtenberg-apotheke.at\/katalog\/wp-json\/wp\/v2\/product"}],"about":[{"href":"https:\/\/www.hirtenberg-apotheke.at\/katalog\/wp-json\/wp\/v2\/types\/product"}],"wp:featuredmedia":[{"embeddable":true,"href":"https:\/\/www.hirtenberg-apotheke.at\/katalog\/wp-json\/wp\/v2\/media\/18225"}],"wp:attachment":[{"href":"https:\/\/www.hirtenberg-apotheke.at\/katalog\/wp-json\/wp\/v2\/media?parent=18223"}],"wp:term":[{"taxonomy":"product_brand","embeddable":true,"href":"https:\/\/www.hirtenberg-apotheke.at\/katalog\/wp-json\/wp\/v2\/product_brand?post=18223"},{"taxonomy":"product_cat","embeddable":true,"href":"https:\/\/www.hirtenberg-apotheke.at\/katalog\/wp-json\/wp\/v2\/product_cat?post=18223"},{"taxonomy":"product_tag","embeddable":true,"href":"https:\/\/www.hirtenberg-apotheke.at\/katalog\/wp-json\/wp\/v2\/product_tag?post=18223"}],"curies":[{"name":"wp","href":"https:\/\/api.w.org\/{rel}","templated":true}]}}