{"id":18405,"date":"2025-11-25T17:35:25","date_gmt":"2025-11-25T16:35:25","guid":{"rendered":"https:\/\/www.hirtenberg-apotheke.at\/katalog\/produkt\/neostrata-problem-dry-skin-100-g\/"},"modified":"2025-11-25T17:35:39","modified_gmt":"2025-11-25T16:35:39","slug":"neostrata-problem-dry-skin-100-g","status":"publish","type":"product","link":"https:\/\/www.hirtenberg-apotheke.at\/katalog\/produkt\/neostrata-problem-dry-skin-100-g\/","title":{"rendered":"Neostrata Problem Dry Skin 100 g"},"content":{"rendered":"<p>Die Neostrata Problem Dry Skin Creme 100 g ist eine stark abschilfernde Creme und wurde entwickelt um sehr trockene, raue und schuppige Haut zu gl\u00e4tten und mit Feuchtigkeit zu versorgen. Diese Creme enth\u00e4lt eine starke Kombination aus Alpha- und Polyhydroxys\u00e4uren (AHAs\/ PHAs), sowie weichmachendes Bienenwachs und hautpflegende \u00d6le die raue Hautstellen und trockene und schuppige Haut langanhaltend mit Feuchtigkeit versorgen. Reduziert schuppige und rissige Haut wie z.B. bei Hyperkeratosis an Ellbogen, Fersen oder Knien.NeoStrata\u00ae Produkte wurden von Dermatologen entwickelt und ihre Wirksamkeit in zahlreichen klinischen Studien getestet und bewiesen. Durch die Kombination verschiedener Inhaltsstoffe, wie Alpha- (AHA) und Polyhydroxys\u00e4uren (PHA), NeoGlucosaminen\u2122, NeoCitriaten\u2122, Aminos\u00e4uren, Antioxidantien und vielen mehr, entstehen Behandlungsm\u00f6glichkeiten f\u00fcr eine Vielzahl von Indikationen.<\/p>\n","protected":false},"excerpt":{"rendered":"<p>Die Neostrata Problem Dry Skin Creme 100 g ist eine stark abschilfernde Creme und wurde entwickelt um sehr trockene, raue und schuppige Haut zu gl\u00e4tten und mit Feuchtigkeit zu versorgen. Diese Creme enth\u00e4lt eine starke Kombination aus Alpha- und Polyhydroxys\u00e4uren (AHAs\/ PHAs), sowie weichmachendes Bienenwachs und hautpflegende \u00d6le die raue Hautstellen und trockene und schuppige [&hellip;]<\/p>\n","protected":false},"featured_media":18407,"template":"","meta":{"_acf_changed":false},"product_brand":[723],"product_cat":[310],"product_tag":[],"class_list":{"0":"post-18405","1":"product","2":"type-product","3":"status-publish","4":"has-post-thumbnail","6":"product_brand-neostrata","7":"product_cat-n","8":"pa_packungsgroesse-100g","10":"first","11":"instock","12":"shipping-taxable","13":"purchasable","14":"product-type-simple"},"acf":[],"_links":{"self":[{"href":"https:\/\/www.hirtenberg-apotheke.at\/katalog\/wp-json\/wp\/v2\/product\/18405","targetHints":{"allow":["GET"]}}],"collection":[{"href":"https:\/\/www.hirtenberg-apotheke.at\/katalog\/wp-json\/wp\/v2\/product"}],"about":[{"href":"https:\/\/www.hirtenberg-apotheke.at\/katalog\/wp-json\/wp\/v2\/types\/product"}],"wp:featuredmedia":[{"embeddable":true,"href":"https:\/\/www.hirtenberg-apotheke.at\/katalog\/wp-json\/wp\/v2\/media\/18407"}],"wp:attachment":[{"href":"https:\/\/www.hirtenberg-apotheke.at\/katalog\/wp-json\/wp\/v2\/media?parent=18405"}],"wp:term":[{"taxonomy":"product_brand","embeddable":true,"href":"https:\/\/www.hirtenberg-apotheke.at\/katalog\/wp-json\/wp\/v2\/product_brand?post=18405"},{"taxonomy":"product_cat","embeddable":true,"href":"https:\/\/www.hirtenberg-apotheke.at\/katalog\/wp-json\/wp\/v2\/product_cat?post=18405"},{"taxonomy":"product_tag","embeddable":true,"href":"https:\/\/www.hirtenberg-apotheke.at\/katalog\/wp-json\/wp\/v2\/product_tag?post=18405"}],"curies":[{"name":"wp","href":"https:\/\/api.w.org\/{rel}","templated":true}]}}