{"id":18460,"date":"2025-11-25T17:36:02","date_gmt":"2025-11-25T16:36:02","guid":{"rendered":"https:\/\/www.hirtenberg-apotheke.at\/katalog\/produkt\/eubos-sensitive-pflege-gesichtsreinigung-vitalschaum-150-ml\/"},"modified":"2025-11-25T17:36:08","modified_gmt":"2025-11-25T16:36:08","slug":"eubos-sensitive-pflege-gesichtsreinigung-vitalschaum-150-ml","status":"publish","type":"product","link":"https:\/\/www.hirtenberg-apotheke.at\/katalog\/produkt\/eubos-sensitive-pflege-gesichtsreinigung-vitalschaum-150-ml\/","title":{"rendered":"Eubos Sensitive Pflege Gesichtsreinigung Vitalschaum 150 ml"},"content":{"rendered":"<p>Eubos Sensitive Pflege Gesichtsreinigung Vitalschaum ist ein selbstsch\u00e4umender Vital-Schaum f\u00fcr die sanfte, aber gr\u00fcndliche Reinigung empfindlicher und trockener Haut von Gesicht, Hals und Dekollet\u00e9.<\/p>\n","protected":false},"excerpt":{"rendered":"<p>Eubos Sensitive Pflege Gesichtsreinigung Vitalschaum ist ein selbstsch\u00e4umender Vital-Schaum f\u00fcr die sanfte, aber gr\u00fcndliche Reinigung empfindlicher und trockener Haut von Gesicht, Hals und Dekollet\u00e9.<\/p>\n","protected":false},"featured_media":0,"template":"","meta":{"_acf_changed":false},"product_brand":[709],"product_cat":[307],"product_tag":[],"class_list":{"0":"post-18460","1":"product","2":"type-product","3":"status-publish","5":"product_brand-eubos","6":"product_cat-e","7":"pa_packungsgroesse-150ml","9":"first","10":"instock","11":"shipping-taxable","12":"purchasable","13":"product-type-simple"},"acf":[],"_links":{"self":[{"href":"https:\/\/www.hirtenberg-apotheke.at\/katalog\/wp-json\/wp\/v2\/product\/18460","targetHints":{"allow":["GET"]}}],"collection":[{"href":"https:\/\/www.hirtenberg-apotheke.at\/katalog\/wp-json\/wp\/v2\/product"}],"about":[{"href":"https:\/\/www.hirtenberg-apotheke.at\/katalog\/wp-json\/wp\/v2\/types\/product"}],"wp:attachment":[{"href":"https:\/\/www.hirtenberg-apotheke.at\/katalog\/wp-json\/wp\/v2\/media?parent=18460"}],"wp:term":[{"taxonomy":"product_brand","embeddable":true,"href":"https:\/\/www.hirtenberg-apotheke.at\/katalog\/wp-json\/wp\/v2\/product_brand?post=18460"},{"taxonomy":"product_cat","embeddable":true,"href":"https:\/\/www.hirtenberg-apotheke.at\/katalog\/wp-json\/wp\/v2\/product_cat?post=18460"},{"taxonomy":"product_tag","embeddable":true,"href":"https:\/\/www.hirtenberg-apotheke.at\/katalog\/wp-json\/wp\/v2\/product_tag?post=18460"}],"curies":[{"name":"wp","href":"https:\/\/api.w.org\/{rel}","templated":true}]}}