{"id":18536,"date":"2025-11-25T17:36:49","date_gmt":"2025-11-25T16:36:49","guid":{"rendered":"https:\/\/www.hirtenberg-apotheke.at\/katalog\/produkt\/weleda-mandel-sensitive-feuchtigkeitspflege-30-ml\/"},"modified":"2025-11-25T17:36:51","modified_gmt":"2025-11-25T16:36:51","slug":"weleda-mandel-sensitive-feuchtigkeitspflege-30-ml","status":"publish","type":"product","link":"https:\/\/www.hirtenberg-apotheke.at\/katalog\/produkt\/weleda-mandel-sensitive-feuchtigkeitspflege-30-ml\/","title":{"rendered":"Weleda Mandel Sensitive Feuchtigkeitspflege 30 ml"},"content":{"rendered":"<p>Weleda Mandel Sensitive Feuchtigkeitspflege eignet sich als bes\u00e4nftigende Tages- und Nachtpflege. Sie st\u00e4rkt die Schutzfunktionen empfindlicher Haut und sch\u00fctzt dadurch vor Umwelteinfl\u00fcssen.<\/p>\n","protected":false},"excerpt":{"rendered":"<p>Weleda Mandel Sensitive Feuchtigkeitspflege eignet sich als bes\u00e4nftigende Tages- und Nachtpflege. Sie st\u00e4rkt die Schutzfunktionen empfindlicher Haut und sch\u00fctzt dadurch vor Umwelteinfl\u00fcssen.<\/p>\n","protected":false},"featured_media":0,"template":"","meta":{"_acf_changed":false},"product_brand":[554],"product_cat":[368],"product_tag":[],"class_list":{"0":"post-18536","1":"product","2":"type-product","3":"status-publish","5":"product_brand-weleda","6":"product_cat-w","7":"pa_packungsgroesse-30ml","9":"first","10":"instock","11":"shipping-taxable","12":"purchasable","13":"product-type-simple"},"acf":[],"_links":{"self":[{"href":"https:\/\/www.hirtenberg-apotheke.at\/katalog\/wp-json\/wp\/v2\/product\/18536","targetHints":{"allow":["GET"]}}],"collection":[{"href":"https:\/\/www.hirtenberg-apotheke.at\/katalog\/wp-json\/wp\/v2\/product"}],"about":[{"href":"https:\/\/www.hirtenberg-apotheke.at\/katalog\/wp-json\/wp\/v2\/types\/product"}],"wp:attachment":[{"href":"https:\/\/www.hirtenberg-apotheke.at\/katalog\/wp-json\/wp\/v2\/media?parent=18536"}],"wp:term":[{"taxonomy":"product_brand","embeddable":true,"href":"https:\/\/www.hirtenberg-apotheke.at\/katalog\/wp-json\/wp\/v2\/product_brand?post=18536"},{"taxonomy":"product_cat","embeddable":true,"href":"https:\/\/www.hirtenberg-apotheke.at\/katalog\/wp-json\/wp\/v2\/product_cat?post=18536"},{"taxonomy":"product_tag","embeddable":true,"href":"https:\/\/www.hirtenberg-apotheke.at\/katalog\/wp-json\/wp\/v2\/product_tag?post=18536"}],"curies":[{"name":"wp","href":"https:\/\/api.w.org\/{rel}","templated":true}]}}