{"id":18561,"date":"2025-11-25T17:37:00","date_gmt":"2025-11-25T16:37:00","guid":{"rendered":"https:\/\/www.hirtenberg-apotheke.at\/katalog\/produkt\/olivenoel-mandelmilch-50-ml-regenerierende-nachtpflege\/"},"modified":"2025-11-25T17:37:04","modified_gmt":"2025-11-25T16:37:04","slug":"olivenoel-mandelmilch-50-ml-regenerierende-nachtpflege","status":"publish","type":"product","link":"https:\/\/www.hirtenberg-apotheke.at\/katalog\/produkt\/olivenoel-mandelmilch-50-ml-regenerierende-nachtpflege\/","title":{"rendered":"Oliven\u00f6l Mandelmilch 50 ml Regenerierende Nachtpflege"},"content":{"rendered":"<p>Oliven\u00f6l Mandelmilch verw\u00f6hnt die Haut mit dem unwiderstehlichen Duft der Mandelmilch. F\u00e4ltchen werden gemildert, das Hautrelief wird gegl\u00e4ttet und entspannt.<\/p>\n","protected":false},"excerpt":{"rendered":"<p>Oliven\u00f6l Mandelmilch verw\u00f6hnt die Haut mit dem unwiderstehlichen Duft der Mandelmilch. F\u00e4ltchen werden gemildert, das Hautrelief wird gegl\u00e4ttet und entspannt.<\/p>\n","protected":false},"featured_media":18563,"template":"","meta":{"_acf_changed":false},"product_brand":[701],"product_cat":[349],"product_tag":[],"class_list":{"0":"post-18561","1":"product","2":"type-product","3":"status-publish","4":"has-post-thumbnail","6":"product_brand-olivenoel-theiss","7":"product_cat-o","8":"pa_packungsgroesse-50ml","10":"first","11":"instock","12":"shipping-taxable","13":"purchasable","14":"product-type-simple"},"acf":[],"_links":{"self":[{"href":"https:\/\/www.hirtenberg-apotheke.at\/katalog\/wp-json\/wp\/v2\/product\/18561","targetHints":{"allow":["GET"]}}],"collection":[{"href":"https:\/\/www.hirtenberg-apotheke.at\/katalog\/wp-json\/wp\/v2\/product"}],"about":[{"href":"https:\/\/www.hirtenberg-apotheke.at\/katalog\/wp-json\/wp\/v2\/types\/product"}],"wp:featuredmedia":[{"embeddable":true,"href":"https:\/\/www.hirtenberg-apotheke.at\/katalog\/wp-json\/wp\/v2\/media\/18563"}],"wp:attachment":[{"href":"https:\/\/www.hirtenberg-apotheke.at\/katalog\/wp-json\/wp\/v2\/media?parent=18561"}],"wp:term":[{"taxonomy":"product_brand","embeddable":true,"href":"https:\/\/www.hirtenberg-apotheke.at\/katalog\/wp-json\/wp\/v2\/product_brand?post=18561"},{"taxonomy":"product_cat","embeddable":true,"href":"https:\/\/www.hirtenberg-apotheke.at\/katalog\/wp-json\/wp\/v2\/product_cat?post=18561"},{"taxonomy":"product_tag","embeddable":true,"href":"https:\/\/www.hirtenberg-apotheke.at\/katalog\/wp-json\/wp\/v2\/product_tag?post=18561"}],"curies":[{"name":"wp","href":"https:\/\/api.w.org\/{rel}","templated":true}]}}