{"id":18628,"date":"2025-11-25T17:37:43","date_gmt":"2025-11-25T16:37:43","guid":{"rendered":"https:\/\/www.hirtenberg-apotheke.at\/katalog\/produkt\/olivenoel-olifting-anti-faltenpflege-nacht-50ml\/"},"modified":"2025-11-25T17:37:47","modified_gmt":"2025-11-25T16:37:47","slug":"olivenoel-olifting-anti-faltenpflege-nacht-50ml","status":"publish","type":"product","link":"https:\/\/www.hirtenberg-apotheke.at\/katalog\/produkt\/olivenoel-olifting-anti-faltenpflege-nacht-50ml\/","title":{"rendered":"Oliven\u00f6l Olifting Anti-Faltenpflege Nacht 50ml"},"content":{"rendered":"<p>Oliven \u00d6l Olifting Anti-Faltenpflege mit kaltgepresstem Oliven\u00f6l aus der Toskana und hautstraffenden Pflegestoffen reduziert die Faltentiefe und sorgt fu\u2013r ein glatteres und strafferes Hautbild. Angereichert mit Cupua\u00e7u-Butter, Alpha-Bisabolol und Panthenol wird die Haut w\u00e4hrend der n\u00e4chtlichen Regenerationsphase aufgebaut<\/p>\n","protected":false},"excerpt":{"rendered":"<p>Oliven \u00d6l Olifting Anti-Faltenpflege mit kaltgepresstem Oliven\u00f6l aus der Toskana und hautstraffenden Pflegestoffen reduziert die Faltentiefe und sorgt fu\u2013r ein glatteres und strafferes Hautbild. Angereichert mit Cupua\u00e7u-Butter, Alpha-Bisabolol und Panthenol wird die Haut w\u00e4hrend der n\u00e4chtlichen Regenerationsphase aufgebaut<\/p>\n","protected":false},"featured_media":0,"template":"","meta":{"_acf_changed":false},"product_brand":[701],"product_cat":[349],"product_tag":[],"class_list":{"0":"post-18628","1":"product","2":"type-product","3":"status-publish","5":"product_brand-olivenoel-theiss","6":"product_cat-o","7":"pa_packungsgroesse-50ml","9":"first","10":"instock","11":"shipping-taxable","12":"purchasable","13":"product-type-simple"},"acf":[],"_links":{"self":[{"href":"https:\/\/www.hirtenberg-apotheke.at\/katalog\/wp-json\/wp\/v2\/product\/18628","targetHints":{"allow":["GET"]}}],"collection":[{"href":"https:\/\/www.hirtenberg-apotheke.at\/katalog\/wp-json\/wp\/v2\/product"}],"about":[{"href":"https:\/\/www.hirtenberg-apotheke.at\/katalog\/wp-json\/wp\/v2\/types\/product"}],"wp:attachment":[{"href":"https:\/\/www.hirtenberg-apotheke.at\/katalog\/wp-json\/wp\/v2\/media?parent=18628"}],"wp:term":[{"taxonomy":"product_brand","embeddable":true,"href":"https:\/\/www.hirtenberg-apotheke.at\/katalog\/wp-json\/wp\/v2\/product_brand?post=18628"},{"taxonomy":"product_cat","embeddable":true,"href":"https:\/\/www.hirtenberg-apotheke.at\/katalog\/wp-json\/wp\/v2\/product_cat?post=18628"},{"taxonomy":"product_tag","embeddable":true,"href":"https:\/\/www.hirtenberg-apotheke.at\/katalog\/wp-json\/wp\/v2\/product_tag?post=18628"}],"curies":[{"name":"wp","href":"https:\/\/api.w.org\/{rel}","templated":true}]}}