{"id":18715,"date":"2025-11-25T17:38:33","date_gmt":"2025-11-25T16:38:33","guid":{"rendered":"https:\/\/www.hirtenberg-apotheke.at\/katalog\/produkt\/medipharma-cosmetics-olivenoel-feuchtigkeitspflege-milch-200-ml\/"},"modified":"2025-11-25T17:38:35","modified_gmt":"2025-11-25T16:38:35","slug":"medipharma-cosmetics-olivenoel-feuchtigkeitspflege-milch-200-ml","status":"publish","type":"product","link":"https:\/\/www.hirtenberg-apotheke.at\/katalog\/produkt\/medipharma-cosmetics-olivenoel-feuchtigkeitspflege-milch-200-ml\/","title":{"rendered":"Medipharma Cosmetics Oliven\u00f6l Feuchtigkeitspflege-Milch 200 ml"},"content":{"rendered":"<p>Medipharma Cosmetics Oliven\u00f6l Feuchtigkeitspflege-Milch mit kaltgepresstem Oliven\u00f6l aus der Toskana, Panthenol und wertvollem Squalan regeneriert die Haut und pflegt sie streichelzart. Urea spendet der Haut intensive Feuchtigkeit und lindert Juckreiz.<\/p>\n","protected":false},"excerpt":{"rendered":"<p>Medipharma Cosmetics Oliven\u00f6l Feuchtigkeitspflege-Milch mit kaltgepresstem Oliven\u00f6l aus der Toskana, Panthenol und wertvollem Squalan regeneriert die Haut und pflegt sie streichelzart. Urea spendet der Haut intensive Feuchtigkeit und lindert Juckreiz.<\/p>\n","protected":false},"featured_media":0,"template":"","meta":{"_acf_changed":false},"product_brand":[701],"product_cat":[308],"product_tag":[],"class_list":{"0":"post-18715","1":"product","2":"type-product","3":"status-publish","5":"product_brand-olivenoel-theiss","6":"product_cat-m","7":"pa_packungsgroesse-200ml","9":"first","10":"instock","11":"shipping-taxable","12":"purchasable","13":"product-type-simple"},"acf":[],"_links":{"self":[{"href":"https:\/\/www.hirtenberg-apotheke.at\/katalog\/wp-json\/wp\/v2\/product\/18715","targetHints":{"allow":["GET"]}}],"collection":[{"href":"https:\/\/www.hirtenberg-apotheke.at\/katalog\/wp-json\/wp\/v2\/product"}],"about":[{"href":"https:\/\/www.hirtenberg-apotheke.at\/katalog\/wp-json\/wp\/v2\/types\/product"}],"wp:attachment":[{"href":"https:\/\/www.hirtenberg-apotheke.at\/katalog\/wp-json\/wp\/v2\/media?parent=18715"}],"wp:term":[{"taxonomy":"product_brand","embeddable":true,"href":"https:\/\/www.hirtenberg-apotheke.at\/katalog\/wp-json\/wp\/v2\/product_brand?post=18715"},{"taxonomy":"product_cat","embeddable":true,"href":"https:\/\/www.hirtenberg-apotheke.at\/katalog\/wp-json\/wp\/v2\/product_cat?post=18715"},{"taxonomy":"product_tag","embeddable":true,"href":"https:\/\/www.hirtenberg-apotheke.at\/katalog\/wp-json\/wp\/v2\/product_tag?post=18715"}],"curies":[{"name":"wp","href":"https:\/\/api.w.org\/{rel}","templated":true}]}}