{"id":18719,"date":"2025-11-25T17:38:33","date_gmt":"2025-11-25T16:38:33","guid":{"rendered":"https:\/\/www.hirtenberg-apotheke.at\/katalog\/produkt\/sulfoderm-s-teint-stick-pastell-1-stk\/"},"modified":"2025-11-25T17:38:40","modified_gmt":"2025-11-25T16:38:40","slug":"sulfoderm-s-teint-stick-pastell-1-stk","status":"publish","type":"product","link":"https:\/\/www.hirtenberg-apotheke.at\/katalog\/produkt\/sulfoderm-s-teint-stick-pastell-1-stk\/","title":{"rendered":"Sulfoderm S Teint Stick Pastell 1 Stk."},"content":{"rendered":"<p>Sulfoderm S Teint Stick Pastell ist ein Abdeckstift, welcher sich zum punktuellen Abdecken eignet. Die antibakteriellen und entz\u00fcndungshemmenden Bestandteile verhelfen der Haut zu einem gleichm\u00e4\u00dfigen Aussehen.<\/p>\n","protected":false},"excerpt":{"rendered":"<p>Sulfoderm S Teint Stick Pastell ist ein Abdeckstift, welcher sich zum punktuellen Abdecken eignet. Die antibakteriellen und entz\u00fcndungshemmenden Bestandteile verhelfen der Haut zu einem gleichm\u00e4\u00dfigen Aussehen.<\/p>\n","protected":false},"featured_media":18721,"template":"","meta":{"_acf_changed":false},"product_brand":[],"product_cat":[303],"product_tag":[],"class_list":{"0":"post-18719","1":"product","2":"type-product","3":"status-publish","4":"has-post-thumbnail","6":"product_cat-s","7":"pa_packungsgroesse-1-stueck","9":"first","10":"instock","11":"shipping-taxable","12":"purchasable","13":"product-type-simple"},"acf":[],"_links":{"self":[{"href":"https:\/\/www.hirtenberg-apotheke.at\/katalog\/wp-json\/wp\/v2\/product\/18719","targetHints":{"allow":["GET"]}}],"collection":[{"href":"https:\/\/www.hirtenberg-apotheke.at\/katalog\/wp-json\/wp\/v2\/product"}],"about":[{"href":"https:\/\/www.hirtenberg-apotheke.at\/katalog\/wp-json\/wp\/v2\/types\/product"}],"wp:featuredmedia":[{"embeddable":true,"href":"https:\/\/www.hirtenberg-apotheke.at\/katalog\/wp-json\/wp\/v2\/media\/18721"}],"wp:attachment":[{"href":"https:\/\/www.hirtenberg-apotheke.at\/katalog\/wp-json\/wp\/v2\/media?parent=18719"}],"wp:term":[{"taxonomy":"product_brand","embeddable":true,"href":"https:\/\/www.hirtenberg-apotheke.at\/katalog\/wp-json\/wp\/v2\/product_brand?post=18719"},{"taxonomy":"product_cat","embeddable":true,"href":"https:\/\/www.hirtenberg-apotheke.at\/katalog\/wp-json\/wp\/v2\/product_cat?post=18719"},{"taxonomy":"product_tag","embeddable":true,"href":"https:\/\/www.hirtenberg-apotheke.at\/katalog\/wp-json\/wp\/v2\/product_tag?post=18719"}],"curies":[{"name":"wp","href":"https:\/\/api.w.org\/{rel}","templated":true}]}}