{"id":18774,"date":"2025-11-25T17:39:05","date_gmt":"2025-11-25T16:39:05","guid":{"rendered":"https:\/\/www.hirtenberg-apotheke.at\/katalog\/produkt\/olivenoel-vitamin-aufbaupflege-50-ml\/"},"modified":"2025-11-25T17:39:06","modified_gmt":"2025-11-25T16:39:06","slug":"olivenoel-vitamin-aufbaupflege-50-ml","status":"publish","type":"product","link":"https:\/\/www.hirtenberg-apotheke.at\/katalog\/produkt\/olivenoel-vitamin-aufbaupflege-50-ml\/","title":{"rendered":"Oliven\u00f6l Vitamin Aufbaupflege 50 ml"},"content":{"rendered":"<p>Oliven \u00d6l Vitamin Aufbaupflege aktiviert die Zellstruktur der Haut und stimuliert die Kollagenbildung. Wertvolle Vitamine A, C und E versorgen die Haut mit wichtigen N\u00e4hrstoffen. LSF 6 sch\u00fctzt zus\u00e4tzlich vor lichtbedingter Hautalterung. Die Haut f\u00fchlt sich sp\u00fcrbar frischer und gepflegter an. F\u00fcr einen strahlenden Teint.<\/p>\n","protected":false},"excerpt":{"rendered":"<p>Oliven \u00d6l Vitamin Aufbaupflege aktiviert die Zellstruktur der Haut und stimuliert die Kollagenbildung. Wertvolle Vitamine A, C und E versorgen die Haut mit wichtigen N\u00e4hrstoffen. LSF 6 sch\u00fctzt zus\u00e4tzlich vor lichtbedingter Hautalterung. Die Haut f\u00fchlt sich sp\u00fcrbar frischer und gepflegter an. F\u00fcr einen strahlenden Teint.<\/p>\n","protected":false},"featured_media":0,"template":"","meta":{"_acf_changed":false},"product_brand":[701],"product_cat":[349],"product_tag":[],"class_list":{"0":"post-18774","1":"product","2":"type-product","3":"status-publish","5":"product_brand-olivenoel-theiss","6":"product_cat-o","7":"pa_packungsgroesse-50ml","9":"first","10":"instock","11":"shipping-taxable","12":"purchasable","13":"product-type-simple"},"acf":[],"_links":{"self":[{"href":"https:\/\/www.hirtenberg-apotheke.at\/katalog\/wp-json\/wp\/v2\/product\/18774","targetHints":{"allow":["GET"]}}],"collection":[{"href":"https:\/\/www.hirtenberg-apotheke.at\/katalog\/wp-json\/wp\/v2\/product"}],"about":[{"href":"https:\/\/www.hirtenberg-apotheke.at\/katalog\/wp-json\/wp\/v2\/types\/product"}],"wp:attachment":[{"href":"https:\/\/www.hirtenberg-apotheke.at\/katalog\/wp-json\/wp\/v2\/media?parent=18774"}],"wp:term":[{"taxonomy":"product_brand","embeddable":true,"href":"https:\/\/www.hirtenberg-apotheke.at\/katalog\/wp-json\/wp\/v2\/product_brand?post=18774"},{"taxonomy":"product_cat","embeddable":true,"href":"https:\/\/www.hirtenberg-apotheke.at\/katalog\/wp-json\/wp\/v2\/product_cat?post=18774"},{"taxonomy":"product_tag","embeddable":true,"href":"https:\/\/www.hirtenberg-apotheke.at\/katalog\/wp-json\/wp\/v2\/product_tag?post=18774"}],"curies":[{"name":"wp","href":"https:\/\/api.w.org\/{rel}","templated":true}]}}