{"id":18780,"date":"2025-11-25T17:39:05","date_gmt":"2025-11-25T16:39:05","guid":{"rendered":"https:\/\/www.hirtenberg-apotheke.at\/katalog\/produkt\/nuxe-nuxuriance-ultra-creme-50-ml\/"},"modified":"2025-11-25T17:39:09","modified_gmt":"2025-11-25T16:39:09","slug":"nuxe-nuxuriance-ultra-creme-50-ml","status":"publish","type":"product","link":"https:\/\/www.hirtenberg-apotheke.at\/katalog\/produkt\/nuxe-nuxuriance-ultra-creme-50-ml\/","title":{"rendered":"Nuxe Nuxuriance Ultra Creme 50 ml"},"content":{"rendered":"<p>Nuxe Nuxuriance Ultra Creme hilft der Haut dabei, sich zu regenerieren und zu straffen, Gesichtsz\u00fcge zu gl\u00e4tten und Falten wieder aufzuf\u00fcllen. Die Haut wirkt j\u00fcnger, zarter und voller und ist sichtbar straffer. Geben Sie Ihrer Haut ihr nat\u00fcrliches Strahlen zur\u00fcck. Die Creme n\u00e4hrt die Haut und sorgt f\u00fcr ein geschmeidiges und angenehmes Hautgef\u00fchl.<\/p>\n","protected":false},"excerpt":{"rendered":"<p>Nuxe Nuxuriance Ultra Creme hilft der Haut dabei, sich zu regenerieren und zu straffen, Gesichtsz\u00fcge zu gl\u00e4tten und Falten wieder aufzuf\u00fcllen. Die Haut wirkt j\u00fcnger, zarter und voller und ist sichtbar straffer. Geben Sie Ihrer Haut ihr nat\u00fcrliches Strahlen zur\u00fcck. Die Creme n\u00e4hrt die Haut und sorgt f\u00fcr ein geschmeidiges und angenehmes Hautgef\u00fchl.<\/p>\n","protected":false},"featured_media":18782,"template":"","meta":{"_acf_changed":false},"product_brand":[],"product_cat":[310],"product_tag":[],"class_list":{"0":"post-18780","1":"product","2":"type-product","3":"status-publish","4":"has-post-thumbnail","6":"product_cat-n","7":"pa_packungsgroesse-50ml","9":"first","10":"instock","11":"shipping-taxable","12":"purchasable","13":"product-type-simple"},"acf":[],"_links":{"self":[{"href":"https:\/\/www.hirtenberg-apotheke.at\/katalog\/wp-json\/wp\/v2\/product\/18780","targetHints":{"allow":["GET"]}}],"collection":[{"href":"https:\/\/www.hirtenberg-apotheke.at\/katalog\/wp-json\/wp\/v2\/product"}],"about":[{"href":"https:\/\/www.hirtenberg-apotheke.at\/katalog\/wp-json\/wp\/v2\/types\/product"}],"wp:featuredmedia":[{"embeddable":true,"href":"https:\/\/www.hirtenberg-apotheke.at\/katalog\/wp-json\/wp\/v2\/media\/18782"}],"wp:attachment":[{"href":"https:\/\/www.hirtenberg-apotheke.at\/katalog\/wp-json\/wp\/v2\/media?parent=18780"}],"wp:term":[{"taxonomy":"product_brand","embeddable":true,"href":"https:\/\/www.hirtenberg-apotheke.at\/katalog\/wp-json\/wp\/v2\/product_brand?post=18780"},{"taxonomy":"product_cat","embeddable":true,"href":"https:\/\/www.hirtenberg-apotheke.at\/katalog\/wp-json\/wp\/v2\/product_cat?post=18780"},{"taxonomy":"product_tag","embeddable":true,"href":"https:\/\/www.hirtenberg-apotheke.at\/katalog\/wp-json\/wp\/v2\/product_tag?post=18780"}],"curies":[{"name":"wp","href":"https:\/\/api.w.org\/{rel}","templated":true}]}}