{"id":18846,"date":"2025-11-25T17:39:46","date_gmt":"2025-11-25T16:39:46","guid":{"rendered":"https:\/\/www.hirtenberg-apotheke.at\/katalog\/produkt\/sulfoderm-s-teint-fresh-gesichtswasser-150-ml\/"},"modified":"2025-11-25T17:39:48","modified_gmt":"2025-11-25T16:39:48","slug":"sulfoderm-s-teint-fresh-gesichtswasser-150-ml","status":"publish","type":"product","link":"https:\/\/www.hirtenberg-apotheke.at\/katalog\/produkt\/sulfoderm-s-teint-fresh-gesichtswasser-150-ml\/","title":{"rendered":"Sulfoderm S Teint Fresh Gesichtswasser 150 ml"},"content":{"rendered":"<p>Sulfoderm S Teint Gesichtswasser Fresh ist ein porentief reinigendes und desinfizierendes Gesichtswasser, welches ausgleichend auf die \u00fcberm\u00e4\u00dfige Talgproduktion der Haut wirkt.<\/p>\n","protected":false},"excerpt":{"rendered":"<p>Sulfoderm S Teint Gesichtswasser Fresh ist ein porentief reinigendes und desinfizierendes Gesichtswasser, welches ausgleichend auf die \u00fcberm\u00e4\u00dfige Talgproduktion der Haut wirkt.<\/p>\n","protected":false},"featured_media":0,"template":"","meta":{"_acf_changed":false},"product_brand":[],"product_cat":[303],"product_tag":[],"class_list":{"0":"post-18846","1":"product","2":"type-product","3":"status-publish","5":"product_cat-s","6":"pa_packungsgroesse-150ml","8":"first","9":"instock","10":"shipping-taxable","11":"purchasable","12":"product-type-simple"},"acf":[],"_links":{"self":[{"href":"https:\/\/www.hirtenberg-apotheke.at\/katalog\/wp-json\/wp\/v2\/product\/18846","targetHints":{"allow":["GET"]}}],"collection":[{"href":"https:\/\/www.hirtenberg-apotheke.at\/katalog\/wp-json\/wp\/v2\/product"}],"about":[{"href":"https:\/\/www.hirtenberg-apotheke.at\/katalog\/wp-json\/wp\/v2\/types\/product"}],"wp:attachment":[{"href":"https:\/\/www.hirtenberg-apotheke.at\/katalog\/wp-json\/wp\/v2\/media?parent=18846"}],"wp:term":[{"taxonomy":"product_brand","embeddable":true,"href":"https:\/\/www.hirtenberg-apotheke.at\/katalog\/wp-json\/wp\/v2\/product_brand?post=18846"},{"taxonomy":"product_cat","embeddable":true,"href":"https:\/\/www.hirtenberg-apotheke.at\/katalog\/wp-json\/wp\/v2\/product_cat?post=18846"},{"taxonomy":"product_tag","embeddable":true,"href":"https:\/\/www.hirtenberg-apotheke.at\/katalog\/wp-json\/wp\/v2\/product_tag?post=18846"}],"curies":[{"name":"wp","href":"https:\/\/api.w.org\/{rel}","templated":true}]}}