{"id":18872,"date":"2025-11-25T17:39:54","date_gmt":"2025-11-25T16:39:54","guid":{"rendered":"https:\/\/www.hirtenberg-apotheke.at\/katalog\/produkt\/nuxe-nuxuriance-ultra-nachtcreme-50-ml\/"},"modified":"2025-11-25T17:40:04","modified_gmt":"2025-11-25T16:40:04","slug":"nuxe-nuxuriance-ultra-nachtcreme-50-ml","status":"publish","type":"product","link":"https:\/\/www.hirtenberg-apotheke.at\/katalog\/produkt\/nuxe-nuxuriance-ultra-nachtcreme-50-ml\/","title":{"rendered":"Nuxe Nuxuriance Ultra Nachtcreme 50 ml"},"content":{"rendered":"<p>Nuxe Nuxuriance Ultra Nachtcreme hilft der Haut dabei, sich zu regenerieren und zu straffen. Die Gesichtskonturen werden gegl\u00e4ttet. F\u00fcr eine makellose und strahlende Haut, die jung, zart und sichtbar straff ist. Gibt der Haut ihr nat\u00fcrliches Strahlen zur\u00fcck und l\u00e4sst Ihre Gesichtsz\u00fcge frisch und entspannt aussehen.<\/p>\n","protected":false},"excerpt":{"rendered":"<p>Nuxe Nuxuriance Ultra Nachtcreme hilft der Haut dabei, sich zu regenerieren und zu straffen. Die Gesichtskonturen werden gegl\u00e4ttet. F\u00fcr eine makellose und strahlende Haut, die jung, zart und sichtbar straff ist. Gibt der Haut ihr nat\u00fcrliches Strahlen zur\u00fcck und l\u00e4sst Ihre Gesichtsz\u00fcge frisch und entspannt aussehen.<\/p>\n","protected":false},"featured_media":18874,"template":"","meta":{"_acf_changed":false},"product_brand":[],"product_cat":[310],"product_tag":[],"class_list":{"0":"post-18872","1":"product","2":"type-product","3":"status-publish","4":"has-post-thumbnail","6":"product_cat-n","7":"pa_packungsgroesse-50ml","9":"first","10":"instock","11":"shipping-taxable","12":"purchasable","13":"product-type-simple"},"acf":[],"_links":{"self":[{"href":"https:\/\/www.hirtenberg-apotheke.at\/katalog\/wp-json\/wp\/v2\/product\/18872","targetHints":{"allow":["GET"]}}],"collection":[{"href":"https:\/\/www.hirtenberg-apotheke.at\/katalog\/wp-json\/wp\/v2\/product"}],"about":[{"href":"https:\/\/www.hirtenberg-apotheke.at\/katalog\/wp-json\/wp\/v2\/types\/product"}],"wp:featuredmedia":[{"embeddable":true,"href":"https:\/\/www.hirtenberg-apotheke.at\/katalog\/wp-json\/wp\/v2\/media\/18874"}],"wp:attachment":[{"href":"https:\/\/www.hirtenberg-apotheke.at\/katalog\/wp-json\/wp\/v2\/media?parent=18872"}],"wp:term":[{"taxonomy":"product_brand","embeddable":true,"href":"https:\/\/www.hirtenberg-apotheke.at\/katalog\/wp-json\/wp\/v2\/product_brand?post=18872"},{"taxonomy":"product_cat","embeddable":true,"href":"https:\/\/www.hirtenberg-apotheke.at\/katalog\/wp-json\/wp\/v2\/product_cat?post=18872"},{"taxonomy":"product_tag","embeddable":true,"href":"https:\/\/www.hirtenberg-apotheke.at\/katalog\/wp-json\/wp\/v2\/product_tag?post=18872"}],"curies":[{"name":"wp","href":"https:\/\/api.w.org\/{rel}","templated":true}]}}