{"id":18929,"date":"2025-11-25T17:40:26","date_gmt":"2025-11-25T16:40:26","guid":{"rendered":"https:\/\/www.hirtenberg-apotheke.at\/katalog\/produkt\/fangocur-medizinische-mineral-maske-50-ml\/"},"modified":"2025-11-25T17:40:32","modified_gmt":"2025-11-25T16:40:32","slug":"fangocur-medizinische-mineral-maske-50-ml","status":"publish","type":"product","link":"https:\/\/www.hirtenberg-apotheke.at\/katalog\/produkt\/fangocur-medizinische-mineral-maske-50-ml\/","title":{"rendered":"Fangocur Medizinische Mineral Maske 50 ml"},"content":{"rendered":"<p>Fangocur Medizinische Mineral Maske wirkt entz\u00fcndungshemmend, reguliert die Stoffwechselfunktionen der Haut und t\u00f6tet Bakterien und Keime in den Wunden und Spalten der Haut ab. Weiters hilft sie dem K\u00f6rper bei der Wiederherstellung des besch\u00e4digten Hautgewebes.<\/p>\n","protected":false},"excerpt":{"rendered":"<p>Fangocur Medizinische Mineral Maske wirkt entz\u00fcndungshemmend, reguliert die Stoffwechselfunktionen der Haut und t\u00f6tet Bakterien und Keime in den Wunden und Spalten der Haut ab. Weiters hilft sie dem K\u00f6rper bei der Wiederherstellung des besch\u00e4digten Hautgewebes.<\/p>\n","protected":false},"featured_media":18931,"template":"","meta":{"_acf_changed":false},"product_brand":[],"product_cat":[322],"product_tag":[],"class_list":{"0":"post-18929","1":"product","2":"type-product","3":"status-publish","4":"has-post-thumbnail","6":"product_cat-f","7":"pa_packungsgroesse-50ml","9":"first","10":"instock","11":"shipping-taxable","12":"purchasable","13":"product-type-simple"},"acf":[],"_links":{"self":[{"href":"https:\/\/www.hirtenberg-apotheke.at\/katalog\/wp-json\/wp\/v2\/product\/18929","targetHints":{"allow":["GET"]}}],"collection":[{"href":"https:\/\/www.hirtenberg-apotheke.at\/katalog\/wp-json\/wp\/v2\/product"}],"about":[{"href":"https:\/\/www.hirtenberg-apotheke.at\/katalog\/wp-json\/wp\/v2\/types\/product"}],"wp:featuredmedia":[{"embeddable":true,"href":"https:\/\/www.hirtenberg-apotheke.at\/katalog\/wp-json\/wp\/v2\/media\/18931"}],"wp:attachment":[{"href":"https:\/\/www.hirtenberg-apotheke.at\/katalog\/wp-json\/wp\/v2\/media?parent=18929"}],"wp:term":[{"taxonomy":"product_brand","embeddable":true,"href":"https:\/\/www.hirtenberg-apotheke.at\/katalog\/wp-json\/wp\/v2\/product_brand?post=18929"},{"taxonomy":"product_cat","embeddable":true,"href":"https:\/\/www.hirtenberg-apotheke.at\/katalog\/wp-json\/wp\/v2\/product_cat?post=18929"},{"taxonomy":"product_tag","embeddable":true,"href":"https:\/\/www.hirtenberg-apotheke.at\/katalog\/wp-json\/wp\/v2\/product_tag?post=18929"}],"curies":[{"name":"wp","href":"https:\/\/api.w.org\/{rel}","templated":true}]}}