{"id":19080,"date":"2025-11-25T18:39:38","date_gmt":"2025-11-25T17:39:38","guid":{"rendered":"https:\/\/www.hirtenberg-apotheke.at\/katalog\/produkt\/fangocur-mineral-creme-30-ml-nr-5\/"},"modified":"2025-11-25T18:39:48","modified_gmt":"2025-11-25T17:39:48","slug":"fangocur-mineral-creme-30-ml-nr-5","status":"publish","type":"product","link":"https:\/\/www.hirtenberg-apotheke.at\/katalog\/produkt\/fangocur-mineral-creme-30-ml-nr-5\/","title":{"rendered":"Fangocur Mineral Creme 30 ml Nr. 5"},"content":{"rendered":"<p>Fangocur Mineral Creme f\u00fchrt der Haut ausreichend Feuchtigkeit zu, wirkt ausgleichend, regenerierend und bek\u00e4mpft entz\u00fcndliche Prozesse.<\/p>\n","protected":false},"excerpt":{"rendered":"<p>Fangocur Mineral Creme f\u00fchrt der Haut ausreichend Feuchtigkeit zu, wirkt ausgleichend, regenerierend und bek\u00e4mpft entz\u00fcndliche Prozesse.<\/p>\n","protected":false},"featured_media":19082,"template":"","meta":{"_acf_changed":false},"product_brand":[],"product_cat":[322],"product_tag":[],"class_list":{"0":"post-19080","1":"product","2":"type-product","3":"status-publish","4":"has-post-thumbnail","6":"product_cat-f","7":"pa_packungsgroesse-30ml","9":"first","10":"instock","11":"shipping-taxable","12":"purchasable","13":"product-type-simple"},"acf":[],"_links":{"self":[{"href":"https:\/\/www.hirtenberg-apotheke.at\/katalog\/wp-json\/wp\/v2\/product\/19080","targetHints":{"allow":["GET"]}}],"collection":[{"href":"https:\/\/www.hirtenberg-apotheke.at\/katalog\/wp-json\/wp\/v2\/product"}],"about":[{"href":"https:\/\/www.hirtenberg-apotheke.at\/katalog\/wp-json\/wp\/v2\/types\/product"}],"wp:featuredmedia":[{"embeddable":true,"href":"https:\/\/www.hirtenberg-apotheke.at\/katalog\/wp-json\/wp\/v2\/media\/19082"}],"wp:attachment":[{"href":"https:\/\/www.hirtenberg-apotheke.at\/katalog\/wp-json\/wp\/v2\/media?parent=19080"}],"wp:term":[{"taxonomy":"product_brand","embeddable":true,"href":"https:\/\/www.hirtenberg-apotheke.at\/katalog\/wp-json\/wp\/v2\/product_brand?post=19080"},{"taxonomy":"product_cat","embeddable":true,"href":"https:\/\/www.hirtenberg-apotheke.at\/katalog\/wp-json\/wp\/v2\/product_cat?post=19080"},{"taxonomy":"product_tag","embeddable":true,"href":"https:\/\/www.hirtenberg-apotheke.at\/katalog\/wp-json\/wp\/v2\/product_tag?post=19080"}],"curies":[{"name":"wp","href":"https:\/\/api.w.org\/{rel}","templated":true}]}}