{"id":19199,"date":"2025-11-25T18:40:29","date_gmt":"2025-11-25T17:40:29","guid":{"rendered":"https:\/\/www.hirtenberg-apotheke.at\/katalog\/produkt\/bioface-hydrating-serum-1-hyaluron-30-ml\/"},"modified":"2025-11-25T18:40:46","modified_gmt":"2025-11-25T17:40:46","slug":"bioface-hydrating-serum-1-hyaluron-30-ml","status":"publish","type":"product","link":"https:\/\/www.hirtenberg-apotheke.at\/katalog\/produkt\/bioface-hydrating-serum-1-hyaluron-30-ml\/","title":{"rendered":"Bioface Hydrating Serum +1% Hyaluron 30 ml"},"content":{"rendered":"<p>Bioface Produkte bieten ein H\u00f6chstma\u00df an Qualit\u00e4t und Effizienz und genie\u00dfen sowohl bei Dermatologen und renommierten Kosmetikstudios als auch bei dem anspruchsvollen Endverbraucher h\u00f6chste Akzeptanz. Hochwirksame medizinische Inhaltsstoffe und modernste Rezepturen sind der Schl\u00fcssel f\u00fcr ein frisches und strahlendes Hautbild. Erlesene Fruchts\u00e4uren, hochwertige Radikalf\u00e4ngern und wertvolle biologischen Stoffe in hohen Konzentrationen f\u00fcgen sich zu einem kompletten Hautpflegesystem f\u00fcr jeden Tag und jeden Hauttyp zusammen..<\/p>\n","protected":false},"excerpt":{"rendered":"<p>Bioface Produkte bieten ein H\u00f6chstma\u00df an Qualit\u00e4t und Effizienz und genie\u00dfen sowohl bei Dermatologen und renommierten Kosmetikstudios als auch bei dem anspruchsvollen Endverbraucher h\u00f6chste Akzeptanz. Hochwirksame medizinische Inhaltsstoffe und modernste Rezepturen sind der Schl\u00fcssel f\u00fcr ein frisches und strahlendes Hautbild. Erlesene Fruchts\u00e4uren, hochwertige Radikalf\u00e4ngern und wertvolle biologischen Stoffe in hohen Konzentrationen f\u00fcgen sich zu einem [&hellip;]<\/p>\n","protected":false},"featured_media":19201,"template":"","meta":{"_acf_changed":false},"product_brand":[],"product_cat":[292],"product_tag":[],"class_list":{"0":"post-19199","1":"product","2":"type-product","3":"status-publish","4":"has-post-thumbnail","6":"product_cat-b","7":"pa_packungsgroesse-30ml","9":"first","10":"instock","11":"shipping-taxable","12":"purchasable","13":"product-type-simple"},"acf":[],"_links":{"self":[{"href":"https:\/\/www.hirtenberg-apotheke.at\/katalog\/wp-json\/wp\/v2\/product\/19199","targetHints":{"allow":["GET"]}}],"collection":[{"href":"https:\/\/www.hirtenberg-apotheke.at\/katalog\/wp-json\/wp\/v2\/product"}],"about":[{"href":"https:\/\/www.hirtenberg-apotheke.at\/katalog\/wp-json\/wp\/v2\/types\/product"}],"wp:featuredmedia":[{"embeddable":true,"href":"https:\/\/www.hirtenberg-apotheke.at\/katalog\/wp-json\/wp\/v2\/media\/19201"}],"wp:attachment":[{"href":"https:\/\/www.hirtenberg-apotheke.at\/katalog\/wp-json\/wp\/v2\/media?parent=19199"}],"wp:term":[{"taxonomy":"product_brand","embeddable":true,"href":"https:\/\/www.hirtenberg-apotheke.at\/katalog\/wp-json\/wp\/v2\/product_brand?post=19199"},{"taxonomy":"product_cat","embeddable":true,"href":"https:\/\/www.hirtenberg-apotheke.at\/katalog\/wp-json\/wp\/v2\/product_cat?post=19199"},{"taxonomy":"product_tag","embeddable":true,"href":"https:\/\/www.hirtenberg-apotheke.at\/katalog\/wp-json\/wp\/v2\/product_tag?post=19199"}],"curies":[{"name":"wp","href":"https:\/\/api.w.org\/{rel}","templated":true}]}}