{"id":19207,"date":"2025-11-25T18:40:45","date_gmt":"2025-11-25T17:40:45","guid":{"rendered":"https:\/\/www.hirtenberg-apotheke.at\/katalog\/produkt\/thanaka-gel-50-ml\/"},"modified":"2025-11-25T18:40:50","modified_gmt":"2025-11-25T17:40:50","slug":"thanaka-gel-50-ml","status":"publish","type":"product","link":"https:\/\/www.hirtenberg-apotheke.at\/katalog\/produkt\/thanaka-gel-50-ml\/","title":{"rendered":"Thanaka Gel 50 ml"},"content":{"rendered":"<p>Thanaka Gel &#8211; Die regelm\u00e4\u00dfige Pflege der Haut mit Thanaka-Gel unterst\u00fctzt den nat\u00fcrlichen Eigenschutz der gesunden Haut und minimiert das Risiko von umweltbedingten Hautsch\u00e4digungen.<\/p>\n","protected":false},"excerpt":{"rendered":"<p>Thanaka Gel &#8211; Die regelm\u00e4\u00dfige Pflege der Haut mit Thanaka-Gel unterst\u00fctzt den nat\u00fcrlichen Eigenschutz der gesunden Haut und minimiert das Risiko von umweltbedingten Hautsch\u00e4digungen.<\/p>\n","protected":false},"featured_media":19209,"template":"","meta":{"_acf_changed":false},"product_brand":[],"product_cat":[319],"product_tag":[],"class_list":{"0":"post-19207","1":"product","2":"type-product","3":"status-publish","4":"has-post-thumbnail","6":"product_cat-t","7":"pa_packungsgroesse-50ml","9":"first","10":"instock","11":"shipping-taxable","12":"purchasable","13":"product-type-simple"},"acf":[],"_links":{"self":[{"href":"https:\/\/www.hirtenberg-apotheke.at\/katalog\/wp-json\/wp\/v2\/product\/19207","targetHints":{"allow":["GET"]}}],"collection":[{"href":"https:\/\/www.hirtenberg-apotheke.at\/katalog\/wp-json\/wp\/v2\/product"}],"about":[{"href":"https:\/\/www.hirtenberg-apotheke.at\/katalog\/wp-json\/wp\/v2\/types\/product"}],"wp:featuredmedia":[{"embeddable":true,"href":"https:\/\/www.hirtenberg-apotheke.at\/katalog\/wp-json\/wp\/v2\/media\/19209"}],"wp:attachment":[{"href":"https:\/\/www.hirtenberg-apotheke.at\/katalog\/wp-json\/wp\/v2\/media?parent=19207"}],"wp:term":[{"taxonomy":"product_brand","embeddable":true,"href":"https:\/\/www.hirtenberg-apotheke.at\/katalog\/wp-json\/wp\/v2\/product_brand?post=19207"},{"taxonomy":"product_cat","embeddable":true,"href":"https:\/\/www.hirtenberg-apotheke.at\/katalog\/wp-json\/wp\/v2\/product_cat?post=19207"},{"taxonomy":"product_tag","embeddable":true,"href":"https:\/\/www.hirtenberg-apotheke.at\/katalog\/wp-json\/wp\/v2\/product_tag?post=19207"}],"curies":[{"name":"wp","href":"https:\/\/api.w.org\/{rel}","templated":true}]}}