{"id":19222,"date":"2025-11-25T18:40:45","date_gmt":"2025-11-25T17:40:45","guid":{"rendered":"https:\/\/www.hirtenberg-apotheke.at\/katalog\/produkt\/dline-pickel-ex-forte-gel-50-ml\/"},"modified":"2025-11-25T18:40:56","modified_gmt":"2025-11-25T17:40:56","slug":"dline-pickel-ex-forte-gel-50-ml","status":"publish","type":"product","link":"https:\/\/www.hirtenberg-apotheke.at\/katalog\/produkt\/dline-pickel-ex-forte-gel-50-ml\/","title":{"rendered":"Dline Pickel Ex Forte Gel 50 ml"},"content":{"rendered":"<p>Seit 60 Jahren ist Chemomedica ein bekannter und verantwortungsvoller Partner f\u00fcr die \u00f6sterreichische Medizin. Die Aufgabe von Chemomedica ist die zuverl\u00e4ssige Beschaffung hochqualitativer Arzneimittel und Medizinprodukte sowie ausfhrliche Beratung und Service.<\/p>\n","protected":false},"excerpt":{"rendered":"<p>Seit 60 Jahren ist Chemomedica ein bekannter und verantwortungsvoller Partner f\u00fcr die \u00f6sterreichische Medizin. Die Aufgabe von Chemomedica ist die zuverl\u00e4ssige Beschaffung hochqualitativer Arzneimittel und Medizinprodukte sowie ausfhrliche Beratung und Service.<\/p>\n","protected":false},"featured_media":19224,"template":"","meta":{"_acf_changed":false},"product_brand":[],"product_cat":[295],"product_tag":[],"class_list":{"0":"post-19222","1":"product","2":"type-product","3":"status-publish","4":"has-post-thumbnail","6":"product_cat-d","7":"pa_packungsgroesse-50ml","9":"first","10":"instock","11":"shipping-taxable","12":"purchasable","13":"product-type-simple"},"acf":[],"_links":{"self":[{"href":"https:\/\/www.hirtenberg-apotheke.at\/katalog\/wp-json\/wp\/v2\/product\/19222","targetHints":{"allow":["GET"]}}],"collection":[{"href":"https:\/\/www.hirtenberg-apotheke.at\/katalog\/wp-json\/wp\/v2\/product"}],"about":[{"href":"https:\/\/www.hirtenberg-apotheke.at\/katalog\/wp-json\/wp\/v2\/types\/product"}],"wp:featuredmedia":[{"embeddable":true,"href":"https:\/\/www.hirtenberg-apotheke.at\/katalog\/wp-json\/wp\/v2\/media\/19224"}],"wp:attachment":[{"href":"https:\/\/www.hirtenberg-apotheke.at\/katalog\/wp-json\/wp\/v2\/media?parent=19222"}],"wp:term":[{"taxonomy":"product_brand","embeddable":true,"href":"https:\/\/www.hirtenberg-apotheke.at\/katalog\/wp-json\/wp\/v2\/product_brand?post=19222"},{"taxonomy":"product_cat","embeddable":true,"href":"https:\/\/www.hirtenberg-apotheke.at\/katalog\/wp-json\/wp\/v2\/product_cat?post=19222"},{"taxonomy":"product_tag","embeddable":true,"href":"https:\/\/www.hirtenberg-apotheke.at\/katalog\/wp-json\/wp\/v2\/product_tag?post=19222"}],"curies":[{"name":"wp","href":"https:\/\/api.w.org\/{rel}","templated":true}]}}