{"id":19234,"date":"2025-11-25T18:40:57","date_gmt":"2025-11-25T17:40:57","guid":{"rendered":"https:\/\/www.hirtenberg-apotheke.at\/katalog\/produkt\/l-erbolario-gesichtscreme-50-ml-gelee-royal\/"},"modified":"2025-11-25T18:41:04","modified_gmt":"2025-11-25T17:41:04","slug":"l-erbolario-gesichtscreme-50-ml-gelee-royal","status":"publish","type":"product","link":"https:\/\/www.hirtenberg-apotheke.at\/katalog\/produkt\/l-erbolario-gesichtscreme-50-ml-gelee-royal\/","title":{"rendered":"L Erbolario Gesichtscreme 50 ml Gelee Royal"},"content":{"rendered":"<p>L&#8217;Erbolario Gesichtscreme gibt der Haut, was sie t\u00e4glich braucht. Die Creme macht die Haut nicht nur sch\u00f6ner, sondern hilft auch gegen Klimaver\u00e4nderungen und Umweltstress. Die Creme entfaltet ihre Wirkung am Besten, wenn sie mit leichten, ansteigenden Bewegungen in die gereinigte Haut einmassiert wird.Dieses Produkt erhalten Sie in den Varianten Gelee Royal, Argan und Int. Feu Veilchen in Packungen zu 50 ml.<\/p>\n","protected":false},"excerpt":{"rendered":"<p>L&#8217;Erbolario Gesichtscreme gibt der Haut, was sie t\u00e4glich braucht. Die Creme macht die Haut nicht nur sch\u00f6ner, sondern hilft auch gegen Klimaver\u00e4nderungen und Umweltstress. Die Creme entfaltet ihre Wirkung am Besten, wenn sie mit leichten, ansteigenden Bewegungen in die gereinigte Haut einmassiert wird.Dieses Produkt erhalten Sie in den Varianten Gelee Royal, Argan und Int. Feu [&hellip;]<\/p>\n","protected":false},"featured_media":19236,"template":"","meta":{"_acf_changed":false},"product_brand":[741],"product_cat":[317],"product_tag":[],"class_list":{"0":"post-19234","1":"product","2":"type-product","3":"status-publish","4":"has-post-thumbnail","6":"product_brand-lerbolario","7":"product_cat-l","8":"pa_packungsgroesse-50ml","10":"first","11":"instock","12":"shipping-taxable","13":"purchasable","14":"product-type-simple"},"acf":[],"_links":{"self":[{"href":"https:\/\/www.hirtenberg-apotheke.at\/katalog\/wp-json\/wp\/v2\/product\/19234","targetHints":{"allow":["GET"]}}],"collection":[{"href":"https:\/\/www.hirtenberg-apotheke.at\/katalog\/wp-json\/wp\/v2\/product"}],"about":[{"href":"https:\/\/www.hirtenberg-apotheke.at\/katalog\/wp-json\/wp\/v2\/types\/product"}],"wp:featuredmedia":[{"embeddable":true,"href":"https:\/\/www.hirtenberg-apotheke.at\/katalog\/wp-json\/wp\/v2\/media\/19236"}],"wp:attachment":[{"href":"https:\/\/www.hirtenberg-apotheke.at\/katalog\/wp-json\/wp\/v2\/media?parent=19234"}],"wp:term":[{"taxonomy":"product_brand","embeddable":true,"href":"https:\/\/www.hirtenberg-apotheke.at\/katalog\/wp-json\/wp\/v2\/product_brand?post=19234"},{"taxonomy":"product_cat","embeddable":true,"href":"https:\/\/www.hirtenberg-apotheke.at\/katalog\/wp-json\/wp\/v2\/product_cat?post=19234"},{"taxonomy":"product_tag","embeddable":true,"href":"https:\/\/www.hirtenberg-apotheke.at\/katalog\/wp-json\/wp\/v2\/product_tag?post=19234"}],"curies":[{"name":"wp","href":"https:\/\/api.w.org\/{rel}","templated":true}]}}