{"id":19243,"date":"2025-11-25T18:40:57","date_gmt":"2025-11-25T17:40:57","guid":{"rendered":"https:\/\/www.hirtenberg-apotheke.at\/katalog\/produkt\/vichy-dercos-vitalshampoo-mit-aminexil-und-vitaminen\/"},"modified":"2025-11-25T18:41:08","modified_gmt":"2025-11-25T17:41:08","slug":"vichy-dercos-vitalshampoo-mit-aminexil-und-vitaminen","status":"publish","type":"product","link":"https:\/\/www.hirtenberg-apotheke.at\/katalog\/produkt\/vichy-dercos-vitalshampoo-mit-aminexil-und-vitaminen\/","title":{"rendered":"Vichy DERCOS Vitalshampoo mit Aminexil und Vitaminen"},"content":{"rendered":"<p>VICHY Dercos Vital Shampoo &#8211; Das einzige Shampoo mit Aminexil, dem kosmetischen Referenzmolek\u00fcl gegen Haarausfall. F\u00fcr M\u00e4nner und Frauen, die an Haarausfall leiden. Das Shampoo macht das Haar kr\u00e4ftiger und verleiht ihm mehr F\u00fclle &#8211; durch GRATIS Lieferung* bares Geld sparen!<\/p>\n","protected":false},"excerpt":{"rendered":"<p>VICHY Dercos Vital Shampoo &#8211; Das einzige Shampoo mit Aminexil, dem kosmetischen Referenzmolek\u00fcl gegen Haarausfall. F\u00fcr M\u00e4nner und Frauen, die an Haarausfall leiden. Das Shampoo macht das Haar kr\u00e4ftiger und verleiht ihm mehr F\u00fclle &#8211; durch GRATIS Lieferung* bares Geld sparen!<\/p>\n","protected":false},"featured_media":19245,"template":"","meta":{"_acf_changed":false},"product_brand":[691],"product_cat":[300],"product_tag":[],"class_list":{"0":"post-19243","1":"product","2":"type-product","3":"status-publish","4":"has-post-thumbnail","6":"product_brand-vichy","7":"product_cat-v","8":"pa_packungsgroesse-200ml","10":"first","11":"instock","12":"shipping-taxable","13":"purchasable","14":"product-type-simple"},"acf":[],"_links":{"self":[{"href":"https:\/\/www.hirtenberg-apotheke.at\/katalog\/wp-json\/wp\/v2\/product\/19243","targetHints":{"allow":["GET"]}}],"collection":[{"href":"https:\/\/www.hirtenberg-apotheke.at\/katalog\/wp-json\/wp\/v2\/product"}],"about":[{"href":"https:\/\/www.hirtenberg-apotheke.at\/katalog\/wp-json\/wp\/v2\/types\/product"}],"wp:featuredmedia":[{"embeddable":true,"href":"https:\/\/www.hirtenberg-apotheke.at\/katalog\/wp-json\/wp\/v2\/media\/19245"}],"wp:attachment":[{"href":"https:\/\/www.hirtenberg-apotheke.at\/katalog\/wp-json\/wp\/v2\/media?parent=19243"}],"wp:term":[{"taxonomy":"product_brand","embeddable":true,"href":"https:\/\/www.hirtenberg-apotheke.at\/katalog\/wp-json\/wp\/v2\/product_brand?post=19243"},{"taxonomy":"product_cat","embeddable":true,"href":"https:\/\/www.hirtenberg-apotheke.at\/katalog\/wp-json\/wp\/v2\/product_cat?post=19243"},{"taxonomy":"product_tag","embeddable":true,"href":"https:\/\/www.hirtenberg-apotheke.at\/katalog\/wp-json\/wp\/v2\/product_tag?post=19243"}],"curies":[{"name":"wp","href":"https:\/\/api.w.org\/{rel}","templated":true}]}}