{"id":19249,"date":"2025-11-25T18:40:57","date_gmt":"2025-11-25T17:40:57","guid":{"rendered":"https:\/\/www.hirtenberg-apotheke.at\/katalog\/produkt\/la-roche-posay-kerium-extrem-mild-kopfhaut-schonendes-gel-shampoo-400-ml\/"},"modified":"2025-11-25T18:41:31","modified_gmt":"2025-11-25T17:41:31","slug":"la-roche-posay-kerium-extrem-mild-kopfhaut-schonendes-gel-shampoo-400-ml","status":"publish","type":"product","link":"https:\/\/www.hirtenberg-apotheke.at\/katalog\/produkt\/la-roche-posay-kerium-extrem-mild-kopfhaut-schonendes-gel-shampoo-400-ml\/","title":{"rendered":"La Roche-Posay KERIUM extrem mild Kopfhaut-schonendes Gel-Shampoo 400 ml"},"content":{"rendered":"<p>La Roche-Posay KERIUM extrem mild Kopfhaut-schonendes Gel-Shampoo 400 ml ist ein Shampoo, das der Kopfhaut unmittelbar Erleichterung schenkt und sie langanhaltend bes\u00e4nftigt. F\u00fcr h\u00e4ufige Anwendung geeignet.<\/p>\n","protected":false},"excerpt":{"rendered":"<p>La Roche-Posay KERIUM extrem mild Kopfhaut-schonendes Gel-Shampoo 400 ml ist ein Shampoo, das der Kopfhaut unmittelbar Erleichterung schenkt und sie langanhaltend bes\u00e4nftigt. F\u00fcr h\u00e4ufige Anwendung geeignet.<\/p>\n","protected":false},"featured_media":0,"template":"","meta":{"_acf_changed":false},"product_brand":[692],"product_cat":[317],"product_tag":[],"class_list":{"0":"post-19249","1":"product","2":"type-product","3":"status-publish","5":"product_brand-la-roche-posay","6":"product_cat-l","7":"pa_packungsgroesse-200ml","8":"pa_packungsgroesse-400ml","10":"first","11":"instock","12":"shipping-taxable","13":"purchasable","14":"product-type-simple"},"acf":[],"_links":{"self":[{"href":"https:\/\/www.hirtenberg-apotheke.at\/katalog\/wp-json\/wp\/v2\/product\/19249","targetHints":{"allow":["GET"]}}],"collection":[{"href":"https:\/\/www.hirtenberg-apotheke.at\/katalog\/wp-json\/wp\/v2\/product"}],"about":[{"href":"https:\/\/www.hirtenberg-apotheke.at\/katalog\/wp-json\/wp\/v2\/types\/product"}],"wp:attachment":[{"href":"https:\/\/www.hirtenberg-apotheke.at\/katalog\/wp-json\/wp\/v2\/media?parent=19249"}],"wp:term":[{"taxonomy":"product_brand","embeddable":true,"href":"https:\/\/www.hirtenberg-apotheke.at\/katalog\/wp-json\/wp\/v2\/product_brand?post=19249"},{"taxonomy":"product_cat","embeddable":true,"href":"https:\/\/www.hirtenberg-apotheke.at\/katalog\/wp-json\/wp\/v2\/product_cat?post=19249"},{"taxonomy":"product_tag","embeddable":true,"href":"https:\/\/www.hirtenberg-apotheke.at\/katalog\/wp-json\/wp\/v2\/product_tag?post=19249"}],"curies":[{"name":"wp","href":"https:\/\/api.w.org\/{rel}","templated":true}]}}