{"id":19261,"date":"2025-11-25T18:41:13","date_gmt":"2025-11-25T17:41:13","guid":{"rendered":"https:\/\/www.hirtenberg-apotheke.at\/katalog\/produkt\/eucerin-dermo-capillaire-kopfhautberuhigendes-urea-intensiv-tonikum\/"},"modified":"2025-11-25T18:41:23","modified_gmt":"2025-11-25T17:41:23","slug":"eucerin-dermo-capillaire-kopfhautberuhigendes-urea-intensiv-tonikum","status":"publish","type":"product","link":"https:\/\/www.hirtenberg-apotheke.at\/katalog\/produkt\/eucerin-dermo-capillaire-kopfhautberuhigendes-urea-intensiv-tonikum\/","title":{"rendered":"Eucerin DERMO CAPILLAIRE kopfhautberuhigendes Urea Intensiv-Tonikum"},"content":{"rendered":"<p>Eucerin DermoCapillaire Kopfhautberuhigendes Urea Intensiv-Tonikum wurde speziell f\u00fcr Menschen mit trockener und juckender Kopfhaut entwickelt. Die Formel ohne Aussp\u00fclen klebt nicht und spendet der Kopfhaut lang anhaltende intensive Feuchtigkeit, um Irritationen zu beruhigen und Juckreiz zu mindern \u2013 von der ersten Anwendung an. Es mindert Mikro-Entz\u00fcndungen, die Trockenheit und Juckreiz verursachen, und verbessert dadurch den Zustand der Kopfhaut sp\u00fcrbar. Das nat\u00fcrliche Gleichgewicht der Kopfhaut wird wieder hergestellt.<\/p>\n","protected":false},"excerpt":{"rendered":"<p>Eucerin DermoCapillaire Kopfhautberuhigendes Urea Intensiv-Tonikum wurde speziell f\u00fcr Menschen mit trockener und juckender Kopfhaut entwickelt. Die Formel ohne Aussp\u00fclen klebt nicht und spendet der Kopfhaut lang anhaltende intensive Feuchtigkeit, um Irritationen zu beruhigen und Juckreiz zu mindern \u2013 von der ersten Anwendung an. Es mindert Mikro-Entz\u00fcndungen, die Trockenheit und Juckreiz verursachen, und verbessert dadurch den [&hellip;]<\/p>\n","protected":false},"featured_media":19263,"template":"","meta":{"_acf_changed":false},"product_brand":[694],"product_cat":[307],"product_tag":[],"class_list":{"0":"post-19261","1":"product","2":"type-product","3":"status-publish","4":"has-post-thumbnail","6":"product_brand-eucerin","7":"product_cat-e","8":"pa_packungsgroesse-1-stueck","10":"first","11":"instock","12":"shipping-taxable","13":"purchasable","14":"product-type-simple"},"acf":[],"_links":{"self":[{"href":"https:\/\/www.hirtenberg-apotheke.at\/katalog\/wp-json\/wp\/v2\/product\/19261","targetHints":{"allow":["GET"]}}],"collection":[{"href":"https:\/\/www.hirtenberg-apotheke.at\/katalog\/wp-json\/wp\/v2\/product"}],"about":[{"href":"https:\/\/www.hirtenberg-apotheke.at\/katalog\/wp-json\/wp\/v2\/types\/product"}],"wp:featuredmedia":[{"embeddable":true,"href":"https:\/\/www.hirtenberg-apotheke.at\/katalog\/wp-json\/wp\/v2\/media\/19263"}],"wp:attachment":[{"href":"https:\/\/www.hirtenberg-apotheke.at\/katalog\/wp-json\/wp\/v2\/media?parent=19261"}],"wp:term":[{"taxonomy":"product_brand","embeddable":true,"href":"https:\/\/www.hirtenberg-apotheke.at\/katalog\/wp-json\/wp\/v2\/product_brand?post=19261"},{"taxonomy":"product_cat","embeddable":true,"href":"https:\/\/www.hirtenberg-apotheke.at\/katalog\/wp-json\/wp\/v2\/product_cat?post=19261"},{"taxonomy":"product_tag","embeddable":true,"href":"https:\/\/www.hirtenberg-apotheke.at\/katalog\/wp-json\/wp\/v2\/product_tag?post=19261"}],"curies":[{"name":"wp","href":"https:\/\/api.w.org\/{rel}","templated":true}]}}