{"id":19288,"date":"2025-11-25T18:41:13","date_gmt":"2025-11-25T17:41:13","guid":{"rendered":"https:\/\/www.hirtenberg-apotheke.at\/katalog\/produkt\/eucerin-dermo-capillaire-ph5-shampoo\/"},"modified":"2025-11-25T18:41:37","modified_gmt":"2025-11-25T17:41:37","slug":"eucerin-dermo-capillaire-ph5-shampoo","status":"publish","type":"product","link":"https:\/\/www.hirtenberg-apotheke.at\/katalog\/produkt\/eucerin-dermo-capillaire-ph5-shampoo\/","title":{"rendered":"Eucerin DERMO CAPILLAIRE PH5 Shampoo"},"content":{"rendered":"<p>Eucerin DermoCapillaire pH5 Shampoo &#8211; Mildes Shampoo f\u00fcr empfindliche Kopfhaut Dieses Shampoo wurde speziell f\u00fcr Menschen mit empfindlicher Kopfhaut entwickelt. Es reinigt und pflegt Ihr Haar, w\u00e4hrend es gleichzeitig die nat\u00fcrlichen Abwehrkr\u00e4fte der Kopfhaut bewahrt.<\/p>\n","protected":false},"excerpt":{"rendered":"<p>Eucerin DermoCapillaire pH5 Shampoo &#8211; Mildes Shampoo f\u00fcr empfindliche Kopfhaut Dieses Shampoo wurde speziell f\u00fcr Menschen mit empfindlicher Kopfhaut entwickelt. Es reinigt und pflegt Ihr Haar, w\u00e4hrend es gleichzeitig die nat\u00fcrlichen Abwehrkr\u00e4fte der Kopfhaut bewahrt.<\/p>\n","protected":false},"featured_media":0,"template":"","meta":{"_acf_changed":false},"product_brand":[694],"product_cat":[307],"product_tag":[],"class_list":{"0":"post-19288","1":"product","2":"type-product","3":"status-publish","5":"product_brand-eucerin","6":"product_cat-e","7":"pa_packungsgroesse-250ml","9":"first","10":"instock","11":"shipping-taxable","12":"purchasable","13":"product-type-simple"},"acf":[],"_links":{"self":[{"href":"https:\/\/www.hirtenberg-apotheke.at\/katalog\/wp-json\/wp\/v2\/product\/19288","targetHints":{"allow":["GET"]}}],"collection":[{"href":"https:\/\/www.hirtenberg-apotheke.at\/katalog\/wp-json\/wp\/v2\/product"}],"about":[{"href":"https:\/\/www.hirtenberg-apotheke.at\/katalog\/wp-json\/wp\/v2\/types\/product"}],"wp:attachment":[{"href":"https:\/\/www.hirtenberg-apotheke.at\/katalog\/wp-json\/wp\/v2\/media?parent=19288"}],"wp:term":[{"taxonomy":"product_brand","embeddable":true,"href":"https:\/\/www.hirtenberg-apotheke.at\/katalog\/wp-json\/wp\/v2\/product_brand?post=19288"},{"taxonomy":"product_cat","embeddable":true,"href":"https:\/\/www.hirtenberg-apotheke.at\/katalog\/wp-json\/wp\/v2\/product_cat?post=19288"},{"taxonomy":"product_tag","embeddable":true,"href":"https:\/\/www.hirtenberg-apotheke.at\/katalog\/wp-json\/wp\/v2\/product_tag?post=19288"}],"curies":[{"name":"wp","href":"https:\/\/api.w.org\/{rel}","templated":true}]}}