{"id":19330,"date":"2025-11-25T18:41:36","date_gmt":"2025-11-25T17:41:36","guid":{"rendered":"https:\/\/www.hirtenberg-apotheke.at\/katalog\/produkt\/rausch-malven-volumen-shampoo\/"},"modified":"2025-11-25T18:42:08","modified_gmt":"2025-11-25T17:42:08","slug":"rausch-malven-volumen-shampoo","status":"publish","type":"product","link":"https:\/\/www.hirtenberg-apotheke.at\/katalog\/produkt\/rausch-malven-volumen-shampoo\/","title":{"rendered":"Rausch Malven Volumen-Shampoo"},"content":{"rendered":"<p>Rausch Shampoo speziell sanfte Pflege f\u00fcr feines Haar. Gibt Volumen und nat\u00fcrlichen Glanz. Ideal f\u00fcr h\u00e4ufiges Haarewaschen. Brennt nicht in den Augen &#8211; auch f\u00fcr Kinder (pH 7,3)!Mit kostbaren Extrakten aus Malvenbl\u00fcten und Lindenbl\u00fcten.<\/p>\n","protected":false},"excerpt":{"rendered":"<p>Rausch Shampoo speziell sanfte Pflege f\u00fcr feines Haar. Gibt Volumen und nat\u00fcrlichen Glanz. Ideal f\u00fcr h\u00e4ufiges Haarewaschen. Brennt nicht in den Augen &#8211; auch f\u00fcr Kinder (pH 7,3)!Mit kostbaren Extrakten aus Malvenbl\u00fcten und Lindenbl\u00fcten.<\/p>\n","protected":false},"featured_media":19332,"template":"","meta":{"_acf_changed":false},"product_brand":[638],"product_cat":[311],"product_tag":[],"class_list":{"0":"post-19330","1":"product","2":"type-product","3":"status-publish","4":"has-post-thumbnail","6":"product_brand-rausch","7":"product_cat-r","8":"pa_farbe-rosa","9":"pa_packungsgroesse-200ml","11":"first","12":"instock","13":"shipping-taxable","14":"purchasable","15":"product-type-simple"},"acf":[],"_links":{"self":[{"href":"https:\/\/www.hirtenberg-apotheke.at\/katalog\/wp-json\/wp\/v2\/product\/19330","targetHints":{"allow":["GET"]}}],"collection":[{"href":"https:\/\/www.hirtenberg-apotheke.at\/katalog\/wp-json\/wp\/v2\/product"}],"about":[{"href":"https:\/\/www.hirtenberg-apotheke.at\/katalog\/wp-json\/wp\/v2\/types\/product"}],"wp:featuredmedia":[{"embeddable":true,"href":"https:\/\/www.hirtenberg-apotheke.at\/katalog\/wp-json\/wp\/v2\/media\/19332"}],"wp:attachment":[{"href":"https:\/\/www.hirtenberg-apotheke.at\/katalog\/wp-json\/wp\/v2\/media?parent=19330"}],"wp:term":[{"taxonomy":"product_brand","embeddable":true,"href":"https:\/\/www.hirtenberg-apotheke.at\/katalog\/wp-json\/wp\/v2\/product_brand?post=19330"},{"taxonomy":"product_cat","embeddable":true,"href":"https:\/\/www.hirtenberg-apotheke.at\/katalog\/wp-json\/wp\/v2\/product_cat?post=19330"},{"taxonomy":"product_tag","embeddable":true,"href":"https:\/\/www.hirtenberg-apotheke.at\/katalog\/wp-json\/wp\/v2\/product_tag?post=19330"}],"curies":[{"name":"wp","href":"https:\/\/api.w.org\/{rel}","templated":true}]}}