{"id":19378,"date":"2025-11-25T18:42:28","date_gmt":"2025-11-25T17:42:28","guid":{"rendered":"https:\/\/www.hirtenberg-apotheke.at\/katalog\/produkt\/vichy-dercos-shampoo-intensiv-talgregulierend-bei-fettiger-kopfhaut\/"},"modified":"2025-11-25T18:42:32","modified_gmt":"2025-11-25T17:42:32","slug":"vichy-dercos-shampoo-intensiv-talgregulierend-bei-fettiger-kopfhaut","status":"publish","type":"product","link":"https:\/\/www.hirtenberg-apotheke.at\/katalog\/produkt\/vichy-dercos-shampoo-intensiv-talgregulierend-bei-fettiger-kopfhaut\/","title":{"rendered":"Vichy DERCOS Shampoo intensiv talgregulierend bei fettiger Kopfhaut"},"content":{"rendered":"<p>VICHY Dercos Talgregulierendes Shampoo &#8211; mit einem exklusiven Anti-Talg-Komplex, bestehend aus einer Verbindung von vier spezifisch ausgew\u00e4hlten und wohldosierten waschaktiven Substanzen, der der Verteilung des \u00fcberm\u00e4\u00dfigen Talgs auf dem Haar entgegenwirkt und das Gleichgewicht auf der Kopfhaut bewahrt. Das Produkt reguliert die fettige Kopfhaut und verz\u00f6gert das Nachfetten des Haares.Die Haare m\u00fcssen nicht mehr so h\u00e4ufig gewaschen werden.<\/p>\n","protected":false},"excerpt":{"rendered":"<p>VICHY Dercos Talgregulierendes Shampoo &#8211; mit einem exklusiven Anti-Talg-Komplex, bestehend aus einer Verbindung von vier spezifisch ausgew\u00e4hlten und wohldosierten waschaktiven Substanzen, der der Verteilung des \u00fcberm\u00e4\u00dfigen Talgs auf dem Haar entgegenwirkt und das Gleichgewicht auf der Kopfhaut bewahrt. Das Produkt reguliert die fettige Kopfhaut und verz\u00f6gert das Nachfetten des Haares.Die Haare m\u00fcssen nicht mehr so [&hellip;]<\/p>\n","protected":false},"featured_media":19380,"template":"","meta":{"_acf_changed":false},"product_brand":[691],"product_cat":[300],"product_tag":[],"class_list":{"0":"post-19378","1":"product","2":"type-product","3":"status-publish","4":"has-post-thumbnail","6":"product_brand-vichy","7":"product_cat-v","8":"pa_packungsgroesse-200ml","10":"first","11":"instock","12":"shipping-taxable","13":"purchasable","14":"product-type-simple"},"acf":[],"_links":{"self":[{"href":"https:\/\/www.hirtenberg-apotheke.at\/katalog\/wp-json\/wp\/v2\/product\/19378","targetHints":{"allow":["GET"]}}],"collection":[{"href":"https:\/\/www.hirtenberg-apotheke.at\/katalog\/wp-json\/wp\/v2\/product"}],"about":[{"href":"https:\/\/www.hirtenberg-apotheke.at\/katalog\/wp-json\/wp\/v2\/types\/product"}],"wp:featuredmedia":[{"embeddable":true,"href":"https:\/\/www.hirtenberg-apotheke.at\/katalog\/wp-json\/wp\/v2\/media\/19380"}],"wp:attachment":[{"href":"https:\/\/www.hirtenberg-apotheke.at\/katalog\/wp-json\/wp\/v2\/media?parent=19378"}],"wp:term":[{"taxonomy":"product_brand","embeddable":true,"href":"https:\/\/www.hirtenberg-apotheke.at\/katalog\/wp-json\/wp\/v2\/product_brand?post=19378"},{"taxonomy":"product_cat","embeddable":true,"href":"https:\/\/www.hirtenberg-apotheke.at\/katalog\/wp-json\/wp\/v2\/product_cat?post=19378"},{"taxonomy":"product_tag","embeddable":true,"href":"https:\/\/www.hirtenberg-apotheke.at\/katalog\/wp-json\/wp\/v2\/product_tag?post=19378"}],"curies":[{"name":"wp","href":"https:\/\/api.w.org\/{rel}","templated":true}]}}