{"id":19400,"date":"2025-11-25T18:42:28","date_gmt":"2025-11-25T17:42:28","guid":{"rendered":"https:\/\/www.hirtenberg-apotheke.at\/katalog\/produkt\/eubos-shampoo-urea-5-200-ml\/"},"modified":"2025-11-25T18:42:46","modified_gmt":"2025-11-25T17:42:46","slug":"eubos-shampoo-urea-5-200-ml","status":"publish","type":"product","link":"https:\/\/www.hirtenberg-apotheke.at\/katalog\/produkt\/eubos-shampoo-urea-5-200-ml\/","title":{"rendered":"Eubos Shampoo UREA 5% 200 ml"},"content":{"rendered":"<p>Eubos Urea 5% Shampoo ist eine medizinische Spezialreinigung f\u00fcr trockene, juckende Kopfhaut und beanspruchtes Haar. Sch\u00fctzt nachweislich vor Austrocknung. Auch f\u00fcr Kinder geeignet.<\/p>\n","protected":false},"excerpt":{"rendered":"<p>Eubos Urea 5% Shampoo ist eine medizinische Spezialreinigung f\u00fcr trockene, juckende Kopfhaut und beanspruchtes Haar. Sch\u00fctzt nachweislich vor Austrocknung. Auch f\u00fcr Kinder geeignet.<\/p>\n","protected":false},"featured_media":0,"template":"","meta":{"_acf_changed":false},"product_brand":[709],"product_cat":[307],"product_tag":[],"class_list":{"0":"post-19400","1":"product","2":"type-product","3":"status-publish","5":"product_brand-eubos","6":"product_cat-e","7":"pa_packungsgroesse-200ml","9":"first","10":"instock","11":"shipping-taxable","12":"purchasable","13":"product-type-simple"},"acf":[],"_links":{"self":[{"href":"https:\/\/www.hirtenberg-apotheke.at\/katalog\/wp-json\/wp\/v2\/product\/19400","targetHints":{"allow":["GET"]}}],"collection":[{"href":"https:\/\/www.hirtenberg-apotheke.at\/katalog\/wp-json\/wp\/v2\/product"}],"about":[{"href":"https:\/\/www.hirtenberg-apotheke.at\/katalog\/wp-json\/wp\/v2\/types\/product"}],"wp:attachment":[{"href":"https:\/\/www.hirtenberg-apotheke.at\/katalog\/wp-json\/wp\/v2\/media?parent=19400"}],"wp:term":[{"taxonomy":"product_brand","embeddable":true,"href":"https:\/\/www.hirtenberg-apotheke.at\/katalog\/wp-json\/wp\/v2\/product_brand?post=19400"},{"taxonomy":"product_cat","embeddable":true,"href":"https:\/\/www.hirtenberg-apotheke.at\/katalog\/wp-json\/wp\/v2\/product_cat?post=19400"},{"taxonomy":"product_tag","embeddable":true,"href":"https:\/\/www.hirtenberg-apotheke.at\/katalog\/wp-json\/wp\/v2\/product_tag?post=19400"}],"curies":[{"name":"wp","href":"https:\/\/api.w.org\/{rel}","templated":true}]}}