{"id":19444,"date":"2025-11-25T18:43:00","date_gmt":"2025-11-25T17:43:00","guid":{"rendered":"https:\/\/www.hirtenberg-apotheke.at\/katalog\/produkt\/rausch-schweizer-kraeuter-pflege-spray-100-ml\/"},"modified":"2025-11-25T18:43:14","modified_gmt":"2025-11-25T17:43:14","slug":"rausch-schweizer-kraeuter-pflege-spray-100-ml","status":"publish","type":"product","link":"https:\/\/www.hirtenberg-apotheke.at\/katalog\/produkt\/rausch-schweizer-kraeuter-pflege-spray-100-ml\/","title":{"rendered":"Rausch Schweizer Kr\u00e4uter Pflege-Spray 100 ml"},"content":{"rendered":"<p>Rausch Kr\u00e4uter Entwirr-Spray entwirrt das Haar sofort und sorgt f\u00fcr optimale K\u00e4mmbarkeit (Speziell auch f\u00fcr Kinderhaar geeignet). Die alkoholfreie Spezialit\u00e4t mit naturreinem Birkensaft sowie wertvollen Pflanzenextrakten aus Birkenbl\u00e4ttern und Zinnkraut sch\u00fctzt und kr\u00e4ftigt das Haar und verleiht seidigen Glanz.<\/p>\n","protected":false},"excerpt":{"rendered":"<p>Rausch Kr\u00e4uter Entwirr-Spray entwirrt das Haar sofort und sorgt f\u00fcr optimale K\u00e4mmbarkeit (Speziell auch f\u00fcr Kinderhaar geeignet). Die alkoholfreie Spezialit\u00e4t mit naturreinem Birkensaft sowie wertvollen Pflanzenextrakten aus Birkenbl\u00e4ttern und Zinnkraut sch\u00fctzt und kr\u00e4ftigt das Haar und verleiht seidigen Glanz.<\/p>\n","protected":false},"featured_media":19446,"template":"","meta":{"_acf_changed":false},"product_brand":[638],"product_cat":[311],"product_tag":[],"class_list":{"0":"post-19444","1":"product","2":"type-product","3":"status-publish","4":"has-post-thumbnail","6":"product_brand-rausch","7":"product_cat-r","8":"pa_packungsgroesse-100ml","10":"first","11":"instock","12":"shipping-taxable","13":"purchasable","14":"product-type-simple"},"acf":[],"_links":{"self":[{"href":"https:\/\/www.hirtenberg-apotheke.at\/katalog\/wp-json\/wp\/v2\/product\/19444","targetHints":{"allow":["GET"]}}],"collection":[{"href":"https:\/\/www.hirtenberg-apotheke.at\/katalog\/wp-json\/wp\/v2\/product"}],"about":[{"href":"https:\/\/www.hirtenberg-apotheke.at\/katalog\/wp-json\/wp\/v2\/types\/product"}],"wp:featuredmedia":[{"embeddable":true,"href":"https:\/\/www.hirtenberg-apotheke.at\/katalog\/wp-json\/wp\/v2\/media\/19446"}],"wp:attachment":[{"href":"https:\/\/www.hirtenberg-apotheke.at\/katalog\/wp-json\/wp\/v2\/media?parent=19444"}],"wp:term":[{"taxonomy":"product_brand","embeddable":true,"href":"https:\/\/www.hirtenberg-apotheke.at\/katalog\/wp-json\/wp\/v2\/product_brand?post=19444"},{"taxonomy":"product_cat","embeddable":true,"href":"https:\/\/www.hirtenberg-apotheke.at\/katalog\/wp-json\/wp\/v2\/product_cat?post=19444"},{"taxonomy":"product_tag","embeddable":true,"href":"https:\/\/www.hirtenberg-apotheke.at\/katalog\/wp-json\/wp\/v2\/product_tag?post=19444"}],"curies":[{"name":"wp","href":"https:\/\/api.w.org\/{rel}","templated":true}]}}