{"id":19477,"date":"2025-11-25T18:43:27","date_gmt":"2025-11-25T17:43:27","guid":{"rendered":"https:\/\/www.hirtenberg-apotheke.at\/katalog\/produkt\/rausch-herzsamen-sensitive-spuelung-hypoallergen-200-ml\/"},"modified":"2025-11-25T18:43:31","modified_gmt":"2025-11-25T17:43:31","slug":"rausch-herzsamen-sensitive-spuelung-hypoallergen-200-ml","status":"publish","type":"product","link":"https:\/\/www.hirtenberg-apotheke.at\/katalog\/produkt\/rausch-herzsamen-sensitive-spuelung-hypoallergen-200-ml\/","title":{"rendered":"Rausch Herzsamen Sensitive Sp\u00fclung Hypoallergen 200 ml"},"content":{"rendered":"<p>Rausch\u00ae Herzsamen Sensitive Sp\u00fclung sorgt f\u00fcr die optimale Balance der hochsensiblen Kopfhaut und st\u00e4rkt die hauteigene Schutzbarriere. Wirkt reizmildernd, beruhigend und feuchtigkeitsspendend.<\/p>\n","protected":false},"excerpt":{"rendered":"<p>Rausch\u00ae Herzsamen Sensitive Sp\u00fclung sorgt f\u00fcr die optimale Balance der hochsensiblen Kopfhaut und st\u00e4rkt die hauteigene Schutzbarriere. Wirkt reizmildernd, beruhigend und feuchtigkeitsspendend.<\/p>\n","protected":false},"featured_media":19479,"template":"","meta":{"_acf_changed":false},"product_brand":[638],"product_cat":[311],"product_tag":[],"class_list":{"0":"post-19477","1":"product","2":"type-product","3":"status-publish","4":"has-post-thumbnail","6":"product_brand-rausch","7":"product_cat-r","8":"pa_packungsgroesse-200ml","10":"first","11":"instock","12":"shipping-taxable","13":"purchasable","14":"product-type-simple"},"acf":[],"_links":{"self":[{"href":"https:\/\/www.hirtenberg-apotheke.at\/katalog\/wp-json\/wp\/v2\/product\/19477","targetHints":{"allow":["GET"]}}],"collection":[{"href":"https:\/\/www.hirtenberg-apotheke.at\/katalog\/wp-json\/wp\/v2\/product"}],"about":[{"href":"https:\/\/www.hirtenberg-apotheke.at\/katalog\/wp-json\/wp\/v2\/types\/product"}],"wp:featuredmedia":[{"embeddable":true,"href":"https:\/\/www.hirtenberg-apotheke.at\/katalog\/wp-json\/wp\/v2\/media\/19479"}],"wp:attachment":[{"href":"https:\/\/www.hirtenberg-apotheke.at\/katalog\/wp-json\/wp\/v2\/media?parent=19477"}],"wp:term":[{"taxonomy":"product_brand","embeddable":true,"href":"https:\/\/www.hirtenberg-apotheke.at\/katalog\/wp-json\/wp\/v2\/product_brand?post=19477"},{"taxonomy":"product_cat","embeddable":true,"href":"https:\/\/www.hirtenberg-apotheke.at\/katalog\/wp-json\/wp\/v2\/product_cat?post=19477"},{"taxonomy":"product_tag","embeddable":true,"href":"https:\/\/www.hirtenberg-apotheke.at\/katalog\/wp-json\/wp\/v2\/product_tag?post=19477"}],"curies":[{"name":"wp","href":"https:\/\/api.w.org\/{rel}","templated":true}]}}