{"id":19487,"date":"2025-11-25T18:43:27","date_gmt":"2025-11-25T17:43:27","guid":{"rendered":"https:\/\/www.hirtenberg-apotheke.at\/katalog\/produkt\/alpecin-coffein-liquid-haarwasser-200-ml\/"},"modified":"2025-11-25T18:43:34","modified_gmt":"2025-11-25T17:43:34","slug":"alpecin-coffein-liquid-haarwasser-200-ml","status":"publish","type":"product","link":"https:\/\/www.hirtenberg-apotheke.at\/katalog\/produkt\/alpecin-coffein-liquid-haarwasser-200-ml\/","title":{"rendered":"Alpecin Coffein Liquid Haarwasser 200 ml"},"content":{"rendered":"<p>Die coffeinhaltige Wirkstoffkombination des Alpecin Coffein-Liquid h\u00e4lt die Haarwurzeln wach und tr\u00e4gt dazu bei, ihre Wachstumsphasen l\u00e4nger auszudehnen als erblich vorgesehen.<\/p>\n","protected":false},"excerpt":{"rendered":"<p>Die coffeinhaltige Wirkstoffkombination des Alpecin Coffein-Liquid h\u00e4lt die Haarwurzeln wach und tr\u00e4gt dazu bei, ihre Wachstumsphasen l\u00e4nger auszudehnen als erblich vorgesehen.<\/p>\n","protected":false},"featured_media":0,"template":"","meta":{"_acf_changed":false},"product_brand":[733],"product_cat":[299],"product_tag":[],"class_list":{"0":"post-19487","1":"product","2":"type-product","3":"status-publish","5":"product_brand-alpecin","6":"product_cat-a","7":"pa_packungsgroesse-200ml","9":"first","10":"instock","11":"shipping-taxable","12":"purchasable","13":"product-type-simple"},"acf":[],"_links":{"self":[{"href":"https:\/\/www.hirtenberg-apotheke.at\/katalog\/wp-json\/wp\/v2\/product\/19487","targetHints":{"allow":["GET"]}}],"collection":[{"href":"https:\/\/www.hirtenberg-apotheke.at\/katalog\/wp-json\/wp\/v2\/product"}],"about":[{"href":"https:\/\/www.hirtenberg-apotheke.at\/katalog\/wp-json\/wp\/v2\/types\/product"}],"wp:attachment":[{"href":"https:\/\/www.hirtenberg-apotheke.at\/katalog\/wp-json\/wp\/v2\/media?parent=19487"}],"wp:term":[{"taxonomy":"product_brand","embeddable":true,"href":"https:\/\/www.hirtenberg-apotheke.at\/katalog\/wp-json\/wp\/v2\/product_brand?post=19487"},{"taxonomy":"product_cat","embeddable":true,"href":"https:\/\/www.hirtenberg-apotheke.at\/katalog\/wp-json\/wp\/v2\/product_cat?post=19487"},{"taxonomy":"product_tag","embeddable":true,"href":"https:\/\/www.hirtenberg-apotheke.at\/katalog\/wp-json\/wp\/v2\/product_tag?post=19487"}],"curies":[{"name":"wp","href":"https:\/\/api.w.org\/{rel}","templated":true}]}}