{"id":19537,"date":"2025-11-25T18:43:48","date_gmt":"2025-11-25T17:43:48","guid":{"rendered":"https:\/\/www.hirtenberg-apotheke.at\/katalog\/produkt\/rausch-kraeuter-entwirr-spuelung-200-ml\/"},"modified":"2025-11-25T18:44:04","modified_gmt":"2025-11-25T17:44:04","slug":"rausch-kraeuter-entwirr-spuelung-200-ml","status":"publish","type":"product","link":"https:\/\/www.hirtenberg-apotheke.at\/katalog\/produkt\/rausch-kraeuter-entwirr-spuelung-200-ml\/","title":{"rendered":"Rausch Kr\u00e4uter Entwirr-Sp\u00fclung 200 ml"},"content":{"rendered":"<p>Rausch Kr\u00e4uter Entwirr-Sp\u00fclung mit wertvollen Kr\u00e4uterextrakten aus Kamillenbl\u00fcten, Zinnkraut und Spitzwegerich entwirrt Ihr Haar im Handumdrehen. Das Haar gewinnt dank des Conditioners an K\u00e4mmbarkeit und Geschmeidigkeit und erstrahlt in einem gesunden und nat\u00fcrlichen Glanz.<\/p>\n","protected":false},"excerpt":{"rendered":"<p>Rausch Kr\u00e4uter Entwirr-Sp\u00fclung mit wertvollen Kr\u00e4uterextrakten aus Kamillenbl\u00fcten, Zinnkraut und Spitzwegerich entwirrt Ihr Haar im Handumdrehen. Das Haar gewinnt dank des Conditioners an K\u00e4mmbarkeit und Geschmeidigkeit und erstrahlt in einem gesunden und nat\u00fcrlichen Glanz.<\/p>\n","protected":false},"featured_media":19539,"template":"","meta":{"_acf_changed":false},"product_brand":[638],"product_cat":[311],"product_tag":[],"class_list":{"0":"post-19537","1":"product","2":"type-product","3":"status-publish","4":"has-post-thumbnail","6":"product_brand-rausch","7":"product_cat-r","8":"pa_packungsgroesse-200ml","10":"first","11":"instock","12":"shipping-taxable","13":"purchasable","14":"product-type-simple"},"acf":[],"_links":{"self":[{"href":"https:\/\/www.hirtenberg-apotheke.at\/katalog\/wp-json\/wp\/v2\/product\/19537","targetHints":{"allow":["GET"]}}],"collection":[{"href":"https:\/\/www.hirtenberg-apotheke.at\/katalog\/wp-json\/wp\/v2\/product"}],"about":[{"href":"https:\/\/www.hirtenberg-apotheke.at\/katalog\/wp-json\/wp\/v2\/types\/product"}],"wp:featuredmedia":[{"embeddable":true,"href":"https:\/\/www.hirtenberg-apotheke.at\/katalog\/wp-json\/wp\/v2\/media\/19539"}],"wp:attachment":[{"href":"https:\/\/www.hirtenberg-apotheke.at\/katalog\/wp-json\/wp\/v2\/media?parent=19537"}],"wp:term":[{"taxonomy":"product_brand","embeddable":true,"href":"https:\/\/www.hirtenberg-apotheke.at\/katalog\/wp-json\/wp\/v2\/product_brand?post=19537"},{"taxonomy":"product_cat","embeddable":true,"href":"https:\/\/www.hirtenberg-apotheke.at\/katalog\/wp-json\/wp\/v2\/product_cat?post=19537"},{"taxonomy":"product_tag","embeddable":true,"href":"https:\/\/www.hirtenberg-apotheke.at\/katalog\/wp-json\/wp\/v2\/product_tag?post=19537"}],"curies":[{"name":"wp","href":"https:\/\/api.w.org\/{rel}","templated":true}]}}