{"id":19542,"date":"2025-11-25T18:43:48","date_gmt":"2025-11-25T17:43:48","guid":{"rendered":"https:\/\/www.hirtenberg-apotheke.at\/katalog\/produkt\/rausch-schweizer-kraeuter-haartonic-200-ml\/"},"modified":"2025-11-25T18:44:06","modified_gmt":"2025-11-25T17:44:06","slug":"rausch-schweizer-kraeuter-haartonic-200-ml","status":"publish","type":"product","link":"https:\/\/www.hirtenberg-apotheke.at\/katalog\/produkt\/rausch-schweizer-kraeuter-haartonic-200-ml\/","title":{"rendered":"Rausch Schweizer Kr\u00e4uter Haartonic 200 ml"},"content":{"rendered":"<p>Rausch Schweizer Kr\u00e4uter Haartonic f\u00fcr normale Haut st\u00e4rkt den Haarwuchs und beugt Haarausfall vor. Dank Brennnessel, Spitzwegerich, Eichenrinde und Hauswurz.<\/p>\n","protected":false},"excerpt":{"rendered":"<p>Rausch Schweizer Kr\u00e4uter Haartonic f\u00fcr normale Haut st\u00e4rkt den Haarwuchs und beugt Haarausfall vor. Dank Brennnessel, Spitzwegerich, Eichenrinde und Hauswurz.<\/p>\n","protected":false},"featured_media":0,"template":"","meta":{"_acf_changed":false},"product_brand":[638],"product_cat":[311],"product_tag":[],"class_list":{"0":"post-19542","1":"product","2":"type-product","3":"status-publish","5":"product_brand-rausch","6":"product_cat-r","7":"pa_packungsgroesse-200ml","9":"first","10":"instock","11":"shipping-taxable","12":"purchasable","13":"product-type-simple"},"acf":[],"_links":{"self":[{"href":"https:\/\/www.hirtenberg-apotheke.at\/katalog\/wp-json\/wp\/v2\/product\/19542","targetHints":{"allow":["GET"]}}],"collection":[{"href":"https:\/\/www.hirtenberg-apotheke.at\/katalog\/wp-json\/wp\/v2\/product"}],"about":[{"href":"https:\/\/www.hirtenberg-apotheke.at\/katalog\/wp-json\/wp\/v2\/types\/product"}],"wp:attachment":[{"href":"https:\/\/www.hirtenberg-apotheke.at\/katalog\/wp-json\/wp\/v2\/media?parent=19542"}],"wp:term":[{"taxonomy":"product_brand","embeddable":true,"href":"https:\/\/www.hirtenberg-apotheke.at\/katalog\/wp-json\/wp\/v2\/product_brand?post=19542"},{"taxonomy":"product_cat","embeddable":true,"href":"https:\/\/www.hirtenberg-apotheke.at\/katalog\/wp-json\/wp\/v2\/product_cat?post=19542"},{"taxonomy":"product_tag","embeddable":true,"href":"https:\/\/www.hirtenberg-apotheke.at\/katalog\/wp-json\/wp\/v2\/product_tag?post=19542"}],"curies":[{"name":"wp","href":"https:\/\/api.w.org\/{rel}","templated":true}]}}